{"id":448,"date":"2022-07-26T14:54:04","date_gmt":"2022-07-26T14:54:04","guid":{"rendered":"https:\/\/worldflowersphotos.com\/?post_type=product&#038;p=448"},"modified":"2022-08-09T11:14:41","modified_gmt":"2022-08-09T11:14:41","slug":"print-paper-fineart-coracao-de-viana","status":"publish","type":"product","link":"https:\/\/worldflowersphotos.com\/?product=print-paper-fineart-coracao-de-viana","title":{"rendered":"Print Paper &#8211; FineArt &#8211; Cora\u00e7\u00e3o de Viana"},"content":{"rendered":"<p>CORA\u00c7\u00c3O DE VIANA<\/p>\n<p>O Cora\u00e7\u00e3o de Viana representa a devo\u00e7\u00e3o ao sagrado cora\u00e7\u00e3o de Jesus.<br \/>\nTrabalhado em filigrana, este \u00edcone da ourivesaria portuguesa, simboliza a generosidade e a honestidade do povo devoto a Deus.<br \/>\nOrigin\u00e1rio de Viana do Castelo, cidade portuguesa situada na regi\u00e3o do Alto Minho, o Cora\u00e7\u00e3o de Viana \u00e9 uma pe\u00e7a impar do artesanato portugu\u00eas, admirada em todo o mundo.<\/p>\n<p>COLEC\u00c7\u00c3O \u00cdCONES DE PORTUGAL<\/p>\n<p>Os \u00cdcones de Portugal s\u00e3o imagens representativas da cultura e da identidade nacional. S\u00edmbolos que comunicam hist\u00f3rias, lendas e tradi\u00e7\u00f5es de um povo.<br \/>\nA cole\u00e7\u00e3o \u00cdcones de Portugal \u00e9 um portef\u00f3lio de trabalhos que compreende a reinven\u00e7\u00e3o de s\u00edmbolos tradicionais, representativos da cultura portuguesa, recreados em flores fotografadas por Carlos Capel\u00e3o.<br \/>\nOs \u00cdcones de Portugal s\u00e3o, hoje, uma marca de Portugal no Mundo.<\/p>\n<p>DESCRI\u00c7\u00c3O DO PRODUTO<\/p>\n<p>Formato 24,5&#215;24,5cm<br \/>\nImpress\u00e3o digital FineArt Inkjet paper &#8211; Hahnemuhle Photo Rag 100% algod\u00e3o 308gr.<br \/>\nBlister inclui impress\u00e3o + cartolina de fundo de 2mm<br \/>\nEnviado em envelope acolchoado<\/p>\n","protected":false},"excerpt":{"rendered":"<p>COLE\u00c7\u00c3O \u00cdCONES DE PORTUGAL<\/p>\n<p>Print Paper &#8211; FineArt &#8211; CORA\u00c7\u00c3O DE VIANA<\/p>\n<p>Colec\u00e7\u00e3o \u00cdcones de Portugal &#8211; Inspirada nos \u00cdcones de Portugal e reinventada com fotografias da Colec\u00e7\u00e3o Flores Soltas<\/p>\n<p>Formato 24,5&#215;24,5cm<br \/>\nImpress\u00e3o digital FineArt Inkjet paper &#8211; Hahnemuhle Photo Rag 100% algod\u00e3o 308gr.<br \/>\nBlister inclui impress\u00e3o + cartolina de fundo de 2mm<br \/>\nEnviado em envelope acolchoado<\/p>\n","protected":false},"featured_media":449,"comment_status":"open","ping_status":"closed","template":"","meta":{"site-sidebar-layout":"default","site-content-layout":"default","ast-site-content-layout":"","site-content-style":"default","site-sidebar-style":"default","ast-global-header-display":"","ast-banner-title-visibility":"","ast-main-header-display":"","ast-hfb-above-header-display":"","ast-hfb-below-header-display":"","ast-hfb-mobile-header-display":"","site-post-title":"","ast-breadcrumbs-content":"","ast-featured-img":"","footer-sml-layout":"","theme-transparent-header-meta":"default","adv-header-id-meta":"","stick-header-meta":"","header-above-stick-meta":"","header-main-stick-meta":"","header-below-stick-meta":"","astra-migrate-meta-layouts":"default","ast-page-background-enabled":"default","ast-page-background-meta":{"desktop":{"background-color":"var(--ast-global-color-4)","background-image":"","background-repeat":"repeat","background-position":"center center","background-size":"auto","background-attachment":"scroll","background-type":"","background-media":"","overlay-type":"","overlay-color":"","overlay-gradient":""},"tablet":{"background-color":"","background-image":"","background-repeat":"repeat","background-position":"center center","background-size":"auto","background-attachment":"scroll","background-type":"","background-media":"","overlay-type":"","overlay-color":"","overlay-gradient":""},"mobile":{"background-color":"","background-image":"","background-repeat":"repeat","background-position":"center center","background-size":"auto","background-attachment":"scroll","background-type":"","background-media":"","overlay-type":"","overlay-color":"","overlay-gradient":""}},"ast-content-background-meta":{"desktop":{"background-color":"var(--ast-global-color-5)","background-image":"","background-repeat":"repeat","background-position":"center center","background-size":"auto","background-attachment":"scroll","background-type":"","background-media":"","overlay-type":"","overlay-color":"","overlay-gradient":""},"tablet":{"background-color":"var(--ast-global-color-5)","background-image":"","background-repeat":"repeat","background-position":"center center","background-size":"auto","background-attachment":"scroll","background-type":"","background-media":"","overlay-type":"","overlay-color":"","overlay-gradient":""},"mobile":{"background-color":"var(--ast-global-color-5)","background-image":"","background-repeat":"repeat","background-position":"center center","background-size":"auto","background-attachment":"scroll","background-type":"","background-media":"","overlay-type":"","overlay-color":"","overlay-gradient":""}}},"product_cat":[39,99,23],"product_tag":[],"yoast_head":"<!-- This site is optimized with the Yoast SEO plugin v21.9.1 - https:\/\/yoast.com\/wordpress\/plugins\/seo\/ -->\n<title>Print Paper - FineArt - Cora\u00e7\u00e3o de Viana - World Flowers Photos<\/title>\n<meta name=\"robots\" content=\"index, follow, max-snippet:-1, max-image-preview:large, max-video-preview:-1\" \/>\n<link rel=\"canonical\" href=\"https:\/\/worldflowersphotos.com\/?product=print-paper-fineart-coracao-de-viana\" \/>\n<meta property=\"og:locale\" content=\"pt_PT\" \/>\n<meta property=\"og:type\" content=\"article\" \/>\n<meta property=\"og:title\" content=\"Print Paper - FineArt - Cora\u00e7\u00e3o de Viana - World Flowers Photos\" \/>\n<meta property=\"og:description\" content=\"COLE\u00c7\u00c3O \u00cdCONES DE PORTUGAL  Print Paper - FineArt - CORA\u00c7\u00c3O DE VIANA  Colec\u00e7\u00e3o \u00cdcones de Portugal - Inspirada nos \u00cdcones de Portugal e reinventada com fotografias da Colec\u00e7\u00e3o Flores Soltas  Formato 24,5x24,5cm Impress\u00e3o digital FineArt Inkjet paper - Hahnemuhle Photo Rag 100% algod\u00e3o 308gr. Blister inclui impress\u00e3o + cartolina de fundo de 2mm Enviado em envelope acolchoado\" \/>\n<meta property=\"og:url\" content=\"https:\/\/worldflowersphotos.com\/?product=print-paper-fineart-coracao-de-viana\" \/>\n<meta property=\"og:site_name\" content=\"World Flowers Photos\" \/>\n<meta property=\"article:publisher\" content=\"https:\/\/www.facebook.com\/WorldFlowersPhotos\/\" \/>\n<meta property=\"article:modified_time\" content=\"2022-08-09T11:14:41+00:00\" \/>\n<meta property=\"og:image\" content=\"https:\/\/worldflowersphotos.com\/wp-content\/uploads\/2022\/07\/coracao-de-viana-1.jpg\" \/>\n\t<meta property=\"og:image:width\" content=\"800\" \/>\n\t<meta property=\"og:image:height\" content=\"800\" \/>\n\t<meta property=\"og:image:type\" content=\"image\/jpeg\" \/>\n<meta name=\"twitter:card\" content=\"summary_large_image\" \/>\n<meta name=\"twitter:label1\" content=\"Tempo estimado de leitura\" \/>\n\t<meta name=\"twitter:data1\" content=\"1 minuto\" \/>\n<script type=\"application\/ld+json\" class=\"yoast-schema-graph\">{\"@context\":\"https:\/\/schema.org\",\"@graph\":[{\"@type\":\"WebPage\",\"@id\":\"https:\/\/worldflowersphotos.com\/?product=print-paper-fineart-coracao-de-viana\",\"url\":\"https:\/\/worldflowersphotos.com\/?product=print-paper-fineart-coracao-de-viana\",\"name\":\"Print Paper - FineArt - Cora\u00e7\u00e3o de Viana - World Flowers Photos\",\"isPartOf\":{\"@id\":\"https:\/\/worldflowersphotos.com\/#website\"},\"datePublished\":\"2022-07-26T14:54:04+00:00\",\"dateModified\":\"2022-08-09T11:14:41+00:00\",\"breadcrumb\":{\"@id\":\"https:\/\/worldflowersphotos.com\/?product=print-paper-fineart-coracao-de-viana#breadcrumb\"},\"inLanguage\":\"pt-PT\",\"potentialAction\":[{\"@type\":\"ReadAction\",\"target\":[\"https:\/\/worldflowersphotos.com\/?product=print-paper-fineart-coracao-de-viana\"]}]},{\"@type\":\"BreadcrumbList\",\"@id\":\"https:\/\/worldflowersphotos.com\/?product=print-paper-fineart-coracao-de-viana#breadcrumb\",\"itemListElement\":[{\"@type\":\"ListItem\",\"position\":1,\"name\":\"In\u00edcio\",\"item\":\"https:\/\/worldflowersphotos.com\/\"},{\"@type\":\"ListItem\",\"position\":2,\"name\":\"Loja\",\"item\":\"https:\/\/worldflowersphotos.com\/?page_id=9\"},{\"@type\":\"ListItem\",\"position\":3,\"name\":\"Print Paper &#8211; FineArt &#8211; Cora\u00e7\u00e3o de Viana\"}]},{\"@type\":\"WebSite\",\"@id\":\"https:\/\/worldflowersphotos.com\/#website\",\"url\":\"https:\/\/worldflowersphotos.com\/\",\"name\":\"World Flowers Photos\",\"description\":\"Just another WordPress site\",\"publisher\":{\"@id\":\"https:\/\/worldflowersphotos.com\/#organization\"},\"potentialAction\":[{\"@type\":\"SearchAction\",\"target\":{\"@type\":\"EntryPoint\",\"urlTemplate\":\"https:\/\/worldflowersphotos.com\/?s={search_term_string}\"},\"query-input\":\"required name=search_term_string\"}],\"inLanguage\":\"pt-PT\"},{\"@type\":\"Organization\",\"@id\":\"https:\/\/worldflowersphotos.com\/#organization\",\"name\":\"World Flowers Photos\",\"url\":\"https:\/\/worldflowersphotos.com\/\",\"logo\":{\"@type\":\"ImageObject\",\"inLanguage\":\"pt-PT\",\"@id\":\"https:\/\/worldflowersphotos.com\/#\/schema\/logo\/image\/\",\"url\":\"https:\/\/worldflowersphotos.com\/wp-content\/uploads\/2022\/07\/wfp-logo.jpg\",\"contentUrl\":\"https:\/\/worldflowersphotos.com\/wp-content\/uploads\/2022\/07\/wfp-logo.jpg\",\"width\":369,\"height\":86,\"caption\":\"World Flowers Photos\"},\"image\":{\"@id\":\"https:\/\/worldflowersphotos.com\/#\/schema\/logo\/image\/\"},\"sameAs\":[\"https:\/\/www.facebook.com\/WorldFlowersPhotos\/\"]}]}<\/script>\n<!-- \/ Yoast SEO plugin. -->","yoast_head_json":{"title":"Print Paper - FineArt - Cora\u00e7\u00e3o de Viana - World Flowers Photos","robots":{"index":"index","follow":"follow","max-snippet":"max-snippet:-1","max-image-preview":"max-image-preview:large","max-video-preview":"max-video-preview:-1"},"canonical":"https:\/\/worldflowersphotos.com\/?product=print-paper-fineart-coracao-de-viana","og_locale":"pt_PT","og_type":"article","og_title":"Print Paper - FineArt - Cora\u00e7\u00e3o de Viana - World Flowers Photos","og_description":"COLE\u00c7\u00c3O \u00cdCONES DE PORTUGAL  Print Paper - FineArt - CORA\u00c7\u00c3O DE VIANA  Colec\u00e7\u00e3o \u00cdcones de Portugal - Inspirada nos \u00cdcones de Portugal e reinventada com fotografias da Colec\u00e7\u00e3o Flores Soltas  Formato 24,5x24,5cm Impress\u00e3o digital FineArt Inkjet paper - Hahnemuhle Photo Rag 100% algod\u00e3o 308gr. Blister inclui impress\u00e3o + cartolina de fundo de 2mm Enviado em envelope acolchoado","og_url":"https:\/\/worldflowersphotos.com\/?product=print-paper-fineart-coracao-de-viana","og_site_name":"World Flowers Photos","article_publisher":"https:\/\/www.facebook.com\/WorldFlowersPhotos\/","article_modified_time":"2022-08-09T11:14:41+00:00","og_image":[{"width":800,"height":800,"url":"https:\/\/worldflowersphotos.com\/wp-content\/uploads\/2022\/07\/coracao-de-viana-1.jpg","type":"image\/jpeg"}],"twitter_card":"summary_large_image","twitter_misc":{"Tempo estimado de leitura":"1 minuto"},"schema":{"@context":"https:\/\/schema.org","@graph":[{"@type":"WebPage","@id":"https:\/\/worldflowersphotos.com\/?product=print-paper-fineart-coracao-de-viana","url":"https:\/\/worldflowersphotos.com\/?product=print-paper-fineart-coracao-de-viana","name":"Print Paper - FineArt - Cora\u00e7\u00e3o de Viana - World Flowers Photos","isPartOf":{"@id":"https:\/\/worldflowersphotos.com\/#website"},"datePublished":"2022-07-26T14:54:04+00:00","dateModified":"2022-08-09T11:14:41+00:00","breadcrumb":{"@id":"https:\/\/worldflowersphotos.com\/?product=print-paper-fineart-coracao-de-viana#breadcrumb"},"inLanguage":"pt-PT","potentialAction":[{"@type":"ReadAction","target":["https:\/\/worldflowersphotos.com\/?product=print-paper-fineart-coracao-de-viana"]}]},{"@type":"BreadcrumbList","@id":"https:\/\/worldflowersphotos.com\/?product=print-paper-fineart-coracao-de-viana#breadcrumb","itemListElement":[{"@type":"ListItem","position":1,"name":"In\u00edcio","item":"https:\/\/worldflowersphotos.com\/"},{"@type":"ListItem","position":2,"name":"Loja","item":"https:\/\/worldflowersphotos.com\/?page_id=9"},{"@type":"ListItem","position":3,"name":"Print Paper &#8211; FineArt &#8211; Cora\u00e7\u00e3o de Viana"}]},{"@type":"WebSite","@id":"https:\/\/worldflowersphotos.com\/#website","url":"https:\/\/worldflowersphotos.com\/","name":"World Flowers Photos","description":"Just another WordPress site","publisher":{"@id":"https:\/\/worldflowersphotos.com\/#organization"},"potentialAction":[{"@type":"SearchAction","target":{"@type":"EntryPoint","urlTemplate":"https:\/\/worldflowersphotos.com\/?s={search_term_string}"},"query-input":"required name=search_term_string"}],"inLanguage":"pt-PT"},{"@type":"Organization","@id":"https:\/\/worldflowersphotos.com\/#organization","name":"World Flowers Photos","url":"https:\/\/worldflowersphotos.com\/","logo":{"@type":"ImageObject","inLanguage":"pt-PT","@id":"https:\/\/worldflowersphotos.com\/#\/schema\/logo\/image\/","url":"https:\/\/worldflowersphotos.com\/wp-content\/uploads\/2022\/07\/wfp-logo.jpg","contentUrl":"https:\/\/worldflowersphotos.com\/wp-content\/uploads\/2022\/07\/wfp-logo.jpg","width":369,"height":86,"caption":"World Flowers Photos"},"image":{"@id":"https:\/\/worldflowersphotos.com\/#\/schema\/logo\/image\/"},"sameAs":["https:\/\/www.facebook.com\/WorldFlowersPhotos\/"]}]}},"jetpack_sharing_enabled":true,"_links":{"self":[{"href":"https:\/\/worldflowersphotos.com\/index.php?rest_route=\/wp\/v2\/product\/448"}],"collection":[{"href":"https:\/\/worldflowersphotos.com\/index.php?rest_route=\/wp\/v2\/product"}],"about":[{"href":"https:\/\/worldflowersphotos.com\/index.php?rest_route=\/wp\/v2\/types\/product"}],"replies":[{"embeddable":true,"href":"https:\/\/worldflowersphotos.com\/index.php?rest_route=%2Fwp%2Fv2%2Fcomments&post=448"}],"version-history":[{"count":1,"href":"https:\/\/worldflowersphotos.com\/index.php?rest_route=\/wp\/v2\/product\/448\/revisions"}],"predecessor-version":[{"id":451,"href":"https:\/\/worldflowersphotos.com\/index.php?rest_route=\/wp\/v2\/product\/448\/revisions\/451"}],"wp:featuredmedia":[{"embeddable":true,"href":"https:\/\/worldflowersphotos.com\/index.php?rest_route=\/wp\/v2\/media\/449"}],"wp:attachment":[{"href":"https:\/\/worldflowersphotos.com\/index.php?rest_route=%2Fwp%2Fv2%2Fmedia&parent=448"}],"wp:term":[{"taxonomy":"product_cat","embeddable":true,"href":"https:\/\/worldflowersphotos.com\/index.php?rest_route=%2Fwp%2Fv2%2Fproduct_cat&post=448"},{"taxonomy":"product_tag","embeddable":true,"href":"https:\/\/worldflowersphotos.com\/index.php?rest_route=%2Fwp%2Fv2%2Fproduct_tag&post=448"}],"curies":[{"name":"wp","href":"https:\/\/api.w.org\/{rel}","templated":true}]}}