{"id":1154,"date":"2022-07-27T13:57:05","date_gmt":"2022-07-27T13:57:05","guid":{"rendered":"https:\/\/worldflowersphotos.com\/?post_type=product&#038;p=1154"},"modified":"2022-08-23T11:32:53","modified_gmt":"2022-08-23T11:32:53","slug":"t-shirt-coracao-de-viana","status":"publish","type":"product","link":"https:\/\/worldflowersphotos.com\/?product=t-shirt-coracao-de-viana","title":{"rendered":"T-Shirt Cora\u00e7\u00e3o de Viana"},"content":{"rendered":"<p>CORA\u00c7\u00c3O DE VIANA<\/p>\n<p>O Cora\u00e7\u00e3o de Viana representa a devo\u00e7\u00e3o ao sagrado cora\u00e7\u00e3o de Jesus.<br \/>\nTrabalhado em filigrana, este \u00edcone da ourivesaria portuguesa, simboliza a generosidade e a honestidade do povo devoto a Deus.<br \/>\nOrigin\u00e1rio de Viana do Castelo, cidade portuguesa situada na regi\u00e3o do Alto Minho, o Cora\u00e7\u00e3o de Viana \u00e9 uma pe\u00e7a impar do artesanato portugu\u00eas, admirada em todo o mundo.<\/p>\n<p>COLEC\u00c7\u00c3O \u00cdCONES DE PORTUGAL<\/p>\n<p>Os \u00cdcones de Portugal s\u00e3o imagens representativas da cultura e da identidade nacional. S\u00edmbolos que comunicam hist\u00f3rias, lendas e tradi\u00e7\u00f5es de um povo.<br \/>\nA cole\u00e7\u00e3o \u00cdcones de Portugal \u00e9 um portef\u00f3lio de trabalhos que compreende a reinven\u00e7\u00e3o de s\u00edmbolos tradicionais, representativos da cultura portuguesa, recreados em flores fotografadas por Carlos Capel\u00e3o.<br \/>\nOs \u00cdcones de Portugal s\u00e3o, hoje, uma marca de Portugal no Mundo.<\/p>\n<p>DESCRI\u00c7\u00c3O DO PRODUTO<\/p>\n<p>Impress\u00e3o &#8211; Flex<br \/>\n100% Algod\u00e3o<br \/>\nPonto liso<br \/>\nBranca (190g) \/ Preta (160g)<br \/>\nSem costuras laterais<\/p>\n<p>TAMANHOS DISPON\u00cdVEIS<\/p>\n<p>S \/ M \/ L \/ XL \/ XXL<\/p>\n<p>GUIA DE TAMANHOS PARA T-SHIRTS<img fetchpriority=\"high\" decoding=\"async\" class=\"alignnone size-medium wp-image-1147\" src=\"https:\/\/worldflowersphotos.com\/wp-content\/uploads\/2022\/07\/guia-tamanhos-tshirts-pt-300x251.png\" alt=\"\" width=\"300\" height=\"251\" srcset=\"https:\/\/worldflowersphotos.com\/wp-content\/uploads\/2022\/07\/guia-tamanhos-tshirts-pt-300x251.png 300w, https:\/\/worldflowersphotos.com\/wp-content\/uploads\/2022\/07\/guia-tamanhos-tshirts-pt.png 359w\" sizes=\"(max-width: 300px) 100vw, 300px\" \/><\/p>\n","protected":false},"excerpt":{"rendered":"<p>COLEC\u00c7\u00c3O \u00cdCONES DE PORTUGAL<\/p>\n<p>T-shirt CORA\u00c7\u00c3O DE VIANA<\/p>\n<p>Colec\u00e7\u00e3o \u00cdcones de Portugal &#8211; Inspirada nos \u00cdcones de Portugal e reinventada com fotografias da Colec\u00e7\u00e3o Flores Soltas<\/p>\n<p>DESCRI\u00c7\u00c3O DO PRODUTO<\/p>\n<p>Impress\u00e3o &#8211; Flex<br \/>\n100% Algod\u00e3o<br \/>\nPonto liso<br \/>\nBranca (190g) \/ Preta (160g)<br \/>\nSem costuras laterais<\/p>\n<p>TAMANHOS DISPON\u00cdVEIS<\/p>\n<p>S \/ M \/ L \/ XL \/ XXL<\/p>\n","protected":false},"featured_media":1155,"comment_status":"open","ping_status":"closed","template":"","meta":{"site-sidebar-layout":"default","site-content-layout":"default","ast-site-content-layout":"","site-content-style":"default","site-sidebar-style":"default","ast-global-header-display":"","ast-banner-title-visibility":"","ast-main-header-display":"","ast-hfb-above-header-display":"","ast-hfb-below-header-display":"","ast-hfb-mobile-header-display":"","site-post-title":"","ast-breadcrumbs-content":"","ast-featured-img":"","footer-sml-layout":"","theme-transparent-header-meta":"default","adv-header-id-meta":"","stick-header-meta":"","header-above-stick-meta":"","header-main-stick-meta":"","header-below-stick-meta":"","astra-migrate-meta-layouts":"default","ast-page-background-enabled":"default","ast-page-background-meta":{"desktop":{"background-color":"var(--ast-global-color-4)","background-image":"","background-repeat":"repeat","background-position":"center center","background-size":"auto","background-attachment":"scroll","background-type":"","background-media":"","overlay-type":"","overlay-color":"","overlay-gradient":""},"tablet":{"background-color":"","background-image":"","background-repeat":"repeat","background-position":"center center","background-size":"auto","background-attachment":"scroll","background-type":"","background-media":"","overlay-type":"","overlay-color":"","overlay-gradient":""},"mobile":{"background-color":"","background-image":"","background-repeat":"repeat","background-position":"center center","background-size":"auto","background-attachment":"scroll","background-type":"","background-media":"","overlay-type":"","overlay-color":"","overlay-gradient":""}},"ast-content-background-meta":{"desktop":{"background-color":"var(--ast-global-color-5)","background-image":"","background-repeat":"repeat","background-position":"center center","background-size":"auto","background-attachment":"scroll","background-type":"","background-media":"","overlay-type":"","overlay-color":"","overlay-gradient":""},"tablet":{"background-color":"var(--ast-global-color-5)","background-image":"","background-repeat":"repeat","background-position":"center center","background-size":"auto","background-attachment":"scroll","background-type":"","background-media":"","overlay-type":"","overlay-color":"","overlay-gradient":""},"mobile":{"background-color":"var(--ast-global-color-5)","background-image":"","background-repeat":"repeat","background-position":"center center","background-size":"auto","background-attachment":"scroll","background-type":"","background-media":"","overlay-type":"","overlay-color":"","overlay-gradient":""}}},"product_cat":[28,27],"product_tag":[],"yoast_head":"<!-- This site is optimized with the Yoast SEO plugin v21.9.1 - https:\/\/yoast.com\/wordpress\/plugins\/seo\/ -->\n<title>T-Shirt Cora\u00e7\u00e3o de Viana - World Flowers Photos<\/title>\n<meta name=\"robots\" content=\"index, follow, max-snippet:-1, max-image-preview:large, max-video-preview:-1\" \/>\n<link rel=\"canonical\" href=\"https:\/\/worldflowersphotos.com\/?product=t-shirt-coracao-de-viana\" \/>\n<meta property=\"og:locale\" content=\"pt_PT\" \/>\n<meta property=\"og:type\" content=\"article\" \/>\n<meta property=\"og:title\" content=\"T-Shirt Cora\u00e7\u00e3o de Viana - World Flowers Photos\" \/>\n<meta property=\"og:description\" content=\"COLEC\u00c7\u00c3O \u00cdCONES DE PORTUGAL  T-shirt CORA\u00c7\u00c3O DE VIANA  Colec\u00e7\u00e3o \u00cdcones de Portugal - Inspirada nos \u00cdcones de Portugal e reinventada com fotografias da Colec\u00e7\u00e3o Flores Soltas  DESCRI\u00c7\u00c3O DO PRODUTO  Impress\u00e3o - Flex 100% Algod\u00e3o Ponto liso Branca (190g) \/ Preta (160g) Sem costuras laterais  TAMANHOS DISPON\u00cdVEIS  S \/ M \/ L \/ XL \/ XXL\" \/>\n<meta property=\"og:url\" content=\"https:\/\/worldflowersphotos.com\/?product=t-shirt-coracao-de-viana\" \/>\n<meta property=\"og:site_name\" content=\"World Flowers Photos\" \/>\n<meta property=\"article:publisher\" content=\"https:\/\/www.facebook.com\/WorldFlowersPhotos\/\" \/>\n<meta property=\"article:modified_time\" content=\"2022-08-23T11:32:53+00:00\" \/>\n<meta property=\"og:image\" content=\"https:\/\/worldflowersphotos.com\/wp-content\/uploads\/2022\/07\/t-shirt-branca-coracao-de-viana.jpg\" \/>\n\t<meta property=\"og:image:width\" content=\"800\" \/>\n\t<meta property=\"og:image:height\" content=\"800\" \/>\n\t<meta property=\"og:image:type\" content=\"image\/jpeg\" \/>\n<meta name=\"twitter:card\" content=\"summary_large_image\" \/>\n<meta name=\"twitter:label1\" content=\"Tempo estimado de leitura\" \/>\n\t<meta name=\"twitter:data1\" content=\"2 minutos\" \/>\n<script type=\"application\/ld+json\" class=\"yoast-schema-graph\">{\"@context\":\"https:\/\/schema.org\",\"@graph\":[{\"@type\":\"WebPage\",\"@id\":\"https:\/\/worldflowersphotos.com\/?product=t-shirt-coracao-de-viana\",\"url\":\"https:\/\/worldflowersphotos.com\/?product=t-shirt-coracao-de-viana\",\"name\":\"T-Shirt Cora\u00e7\u00e3o de Viana - World Flowers Photos\",\"isPartOf\":{\"@id\":\"https:\/\/worldflowersphotos.com\/#website\"},\"datePublished\":\"2022-07-27T13:57:05+00:00\",\"dateModified\":\"2022-08-23T11:32:53+00:00\",\"breadcrumb\":{\"@id\":\"https:\/\/worldflowersphotos.com\/?product=t-shirt-coracao-de-viana#breadcrumb\"},\"inLanguage\":\"pt-PT\",\"potentialAction\":[{\"@type\":\"ReadAction\",\"target\":[\"https:\/\/worldflowersphotos.com\/?product=t-shirt-coracao-de-viana\"]}]},{\"@type\":\"BreadcrumbList\",\"@id\":\"https:\/\/worldflowersphotos.com\/?product=t-shirt-coracao-de-viana#breadcrumb\",\"itemListElement\":[{\"@type\":\"ListItem\",\"position\":1,\"name\":\"In\u00edcio\",\"item\":\"https:\/\/worldflowersphotos.com\/\"},{\"@type\":\"ListItem\",\"position\":2,\"name\":\"Loja\",\"item\":\"https:\/\/worldflowersphotos.com\/?page_id=9\"},{\"@type\":\"ListItem\",\"position\":3,\"name\":\"T-Shirt Cora\u00e7\u00e3o de Viana\"}]},{\"@type\":\"WebSite\",\"@id\":\"https:\/\/worldflowersphotos.com\/#website\",\"url\":\"https:\/\/worldflowersphotos.com\/\",\"name\":\"World Flowers Photos\",\"description\":\"Just another WordPress site\",\"publisher\":{\"@id\":\"https:\/\/worldflowersphotos.com\/#organization\"},\"potentialAction\":[{\"@type\":\"SearchAction\",\"target\":{\"@type\":\"EntryPoint\",\"urlTemplate\":\"https:\/\/worldflowersphotos.com\/?s={search_term_string}\"},\"query-input\":\"required name=search_term_string\"}],\"inLanguage\":\"pt-PT\"},{\"@type\":\"Organization\",\"@id\":\"https:\/\/worldflowersphotos.com\/#organization\",\"name\":\"World Flowers Photos\",\"url\":\"https:\/\/worldflowersphotos.com\/\",\"logo\":{\"@type\":\"ImageObject\",\"inLanguage\":\"pt-PT\",\"@id\":\"https:\/\/worldflowersphotos.com\/#\/schema\/logo\/image\/\",\"url\":\"https:\/\/worldflowersphotos.com\/wp-content\/uploads\/2022\/07\/wfp-logo.jpg\",\"contentUrl\":\"https:\/\/worldflowersphotos.com\/wp-content\/uploads\/2022\/07\/wfp-logo.jpg\",\"width\":369,\"height\":86,\"caption\":\"World Flowers Photos\"},\"image\":{\"@id\":\"https:\/\/worldflowersphotos.com\/#\/schema\/logo\/image\/\"},\"sameAs\":[\"https:\/\/www.facebook.com\/WorldFlowersPhotos\/\"]}]}<\/script>\n<!-- \/ Yoast SEO plugin. -->","yoast_head_json":{"title":"T-Shirt Cora\u00e7\u00e3o de Viana - World Flowers Photos","robots":{"index":"index","follow":"follow","max-snippet":"max-snippet:-1","max-image-preview":"max-image-preview:large","max-video-preview":"max-video-preview:-1"},"canonical":"https:\/\/worldflowersphotos.com\/?product=t-shirt-coracao-de-viana","og_locale":"pt_PT","og_type":"article","og_title":"T-Shirt Cora\u00e7\u00e3o de Viana - World Flowers Photos","og_description":"COLEC\u00c7\u00c3O \u00cdCONES DE PORTUGAL  T-shirt CORA\u00c7\u00c3O DE VIANA  Colec\u00e7\u00e3o \u00cdcones de Portugal - Inspirada nos \u00cdcones de Portugal e reinventada com fotografias da Colec\u00e7\u00e3o Flores Soltas  DESCRI\u00c7\u00c3O DO PRODUTO  Impress\u00e3o - Flex 100% Algod\u00e3o Ponto liso Branca (190g) \/ Preta (160g) Sem costuras laterais  TAMANHOS DISPON\u00cdVEIS  S \/ M \/ L \/ XL \/ XXL","og_url":"https:\/\/worldflowersphotos.com\/?product=t-shirt-coracao-de-viana","og_site_name":"World Flowers Photos","article_publisher":"https:\/\/www.facebook.com\/WorldFlowersPhotos\/","article_modified_time":"2022-08-23T11:32:53+00:00","og_image":[{"width":800,"height":800,"url":"https:\/\/worldflowersphotos.com\/wp-content\/uploads\/2022\/07\/t-shirt-branca-coracao-de-viana.jpg","type":"image\/jpeg"}],"twitter_card":"summary_large_image","twitter_misc":{"Tempo estimado de leitura":"2 minutos"},"schema":{"@context":"https:\/\/schema.org","@graph":[{"@type":"WebPage","@id":"https:\/\/worldflowersphotos.com\/?product=t-shirt-coracao-de-viana","url":"https:\/\/worldflowersphotos.com\/?product=t-shirt-coracao-de-viana","name":"T-Shirt Cora\u00e7\u00e3o de Viana - World Flowers Photos","isPartOf":{"@id":"https:\/\/worldflowersphotos.com\/#website"},"datePublished":"2022-07-27T13:57:05+00:00","dateModified":"2022-08-23T11:32:53+00:00","breadcrumb":{"@id":"https:\/\/worldflowersphotos.com\/?product=t-shirt-coracao-de-viana#breadcrumb"},"inLanguage":"pt-PT","potentialAction":[{"@type":"ReadAction","target":["https:\/\/worldflowersphotos.com\/?product=t-shirt-coracao-de-viana"]}]},{"@type":"BreadcrumbList","@id":"https:\/\/worldflowersphotos.com\/?product=t-shirt-coracao-de-viana#breadcrumb","itemListElement":[{"@type":"ListItem","position":1,"name":"In\u00edcio","item":"https:\/\/worldflowersphotos.com\/"},{"@type":"ListItem","position":2,"name":"Loja","item":"https:\/\/worldflowersphotos.com\/?page_id=9"},{"@type":"ListItem","position":3,"name":"T-Shirt Cora\u00e7\u00e3o de Viana"}]},{"@type":"WebSite","@id":"https:\/\/worldflowersphotos.com\/#website","url":"https:\/\/worldflowersphotos.com\/","name":"World Flowers Photos","description":"Just another WordPress site","publisher":{"@id":"https:\/\/worldflowersphotos.com\/#organization"},"potentialAction":[{"@type":"SearchAction","target":{"@type":"EntryPoint","urlTemplate":"https:\/\/worldflowersphotos.com\/?s={search_term_string}"},"query-input":"required name=search_term_string"}],"inLanguage":"pt-PT"},{"@type":"Organization","@id":"https:\/\/worldflowersphotos.com\/#organization","name":"World Flowers Photos","url":"https:\/\/worldflowersphotos.com\/","logo":{"@type":"ImageObject","inLanguage":"pt-PT","@id":"https:\/\/worldflowersphotos.com\/#\/schema\/logo\/image\/","url":"https:\/\/worldflowersphotos.com\/wp-content\/uploads\/2022\/07\/wfp-logo.jpg","contentUrl":"https:\/\/worldflowersphotos.com\/wp-content\/uploads\/2022\/07\/wfp-logo.jpg","width":369,"height":86,"caption":"World Flowers Photos"},"image":{"@id":"https:\/\/worldflowersphotos.com\/#\/schema\/logo\/image\/"},"sameAs":["https:\/\/www.facebook.com\/WorldFlowersPhotos\/"]}]}},"jetpack_sharing_enabled":true,"_links":{"self":[{"href":"https:\/\/worldflowersphotos.com\/index.php?rest_route=\/wp\/v2\/product\/1154"}],"collection":[{"href":"https:\/\/worldflowersphotos.com\/index.php?rest_route=\/wp\/v2\/product"}],"about":[{"href":"https:\/\/worldflowersphotos.com\/index.php?rest_route=\/wp\/v2\/types\/product"}],"replies":[{"embeddable":true,"href":"https:\/\/worldflowersphotos.com\/index.php?rest_route=%2Fwp%2Fv2%2Fcomments&post=1154"}],"version-history":[{"count":1,"href":"https:\/\/worldflowersphotos.com\/index.php?rest_route=\/wp\/v2\/product\/1154\/revisions"}],"predecessor-version":[{"id":1670,"href":"https:\/\/worldflowersphotos.com\/index.php?rest_route=\/wp\/v2\/product\/1154\/revisions\/1670"}],"wp:featuredmedia":[{"embeddable":true,"href":"https:\/\/worldflowersphotos.com\/index.php?rest_route=\/wp\/v2\/media\/1155"}],"wp:attachment":[{"href":"https:\/\/worldflowersphotos.com\/index.php?rest_route=%2Fwp%2Fv2%2Fmedia&parent=1154"}],"wp:term":[{"taxonomy":"product_cat","embeddable":true,"href":"https:\/\/worldflowersphotos.com\/index.php?rest_route=%2Fwp%2Fv2%2Fproduct_cat&post=1154"},{"taxonomy":"product_tag","embeddable":true,"href":"https:\/\/worldflowersphotos.com\/index.php?rest_route=%2Fwp%2Fv2%2Fproduct_tag&post=1154"}],"curies":[{"name":"wp","href":"https:\/\/api.w.org\/{rel}","templated":true}]}}