{"id":1088,"date":"2022-07-27T13:08:22","date_gmt":"2022-07-27T13:08:22","guid":{"rendered":"https:\/\/worldflowersphotos.com\/?post_type=product&#038;p=1088"},"modified":"2022-07-27T13:08:23","modified_gmt":"2022-07-27T13:08:23","slug":"tela-sem-grade-sardinha","status":"publish","type":"product","link":"https:\/\/worldflowersphotos.com\/?product=tela-sem-grade-sardinha","title":{"rendered":"Tela sem grade Sardinha"},"content":{"rendered":"<p>SARDINHA<\/p>\n<p>A sardinha, peixe que abunda nos mares da costa atl\u00e2ntica portuguesa, simboliza a alegria vivida nas romarias e festas populares \u2013 Santo Ant\u00f3nio, S\u00e3o Jo\u00e3o, S\u00e3o Pedro \u2013 onde, invariavelmente, se come a sardinha assada, prato tipicamente portugu\u00eas, hoje, tamb\u00e9m considerado uma das 7 maravilhas da gastronomia nacional.<\/p>\n<p>COLEC\u00c7\u00c3O \u00cdCONES DE PORTUGAL<\/p>\n<p>Os \u00cdcones de Portugal s\u00e3o imagens representativas da cultura e da identidade nacional. S\u00edmbolos que comunicam hist\u00f3rias, lendas e tradi\u00e7\u00f5es de um povo.<br \/>\nA cole\u00e7\u00e3o \u00cdcones de Portugal \u00e9 um portef\u00f3lio de trabalhos que compreende a reinven\u00e7\u00e3o de s\u00edmbolos tradicionais, representativos da cultura portuguesa, recreados em flores fotografadas por Carlos Capel\u00e3o.<br \/>\nOs \u00cdcones de Portugal s\u00e3o, hoje, uma marca de Portugal no Mundo.<\/p>\n","protected":false},"excerpt":{"rendered":"<p>COLEC\u00c7\u00c3O \u00cdCONES DE PORTUGAL<\/p>\n<p>Tela sem grade SARDINHA<\/p>\n<p>Colec\u00e7\u00e3o \u00cdcones de Portugal &#8211; Inspirada nos \u00cdcones de Portugal e reinventada com fotografias da Colec\u00e7\u00e3o Flores Soltas<\/p>\n<p>DESCRI\u00c7\u00c3O DO PRODUTO<\/p>\n<p>Dimens\u00f5es: 26x26cm<br \/>\nImpress\u00e3o fotogr\u00e1fica em Tela &#8211; 65% Poli\u00e9ster \/ 35% algod\u00e3o 390gr<br \/>\nEmbalagem \u2013 Tubo de cart\u00e3o<\/p>\n","protected":false},"featured_media":1089,"comment_status":"open","ping_status":"closed","template":"","meta":{"site-sidebar-layout":"default","site-content-layout":"default","ast-site-content-layout":"","site-content-style":"default","site-sidebar-style":"default","ast-global-header-display":"","ast-banner-title-visibility":"","ast-main-header-display":"","ast-hfb-above-header-display":"","ast-hfb-below-header-display":"","ast-hfb-mobile-header-display":"","site-post-title":"","ast-breadcrumbs-content":"","ast-featured-img":"","footer-sml-layout":"","theme-transparent-header-meta":"default","adv-header-id-meta":"","stick-header-meta":"","header-above-stick-meta":"","header-main-stick-meta":"","header-below-stick-meta":"","astra-migrate-meta-layouts":"default","ast-page-background-enabled":"default","ast-page-background-meta":{"desktop":{"background-color":"var(--ast-global-color-4)","background-image":"","background-repeat":"repeat","background-position":"center center","background-size":"auto","background-attachment":"scroll","background-type":"","background-media":"","overlay-type":"","overlay-color":"","overlay-gradient":""},"tablet":{"background-color":"","background-image":"","background-repeat":"repeat","background-position":"center center","background-size":"auto","background-attachment":"scroll","background-type":"","background-media":"","overlay-type":"","overlay-color":"","overlay-gradient":""},"mobile":{"background-color":"","background-image":"","background-repeat":"repeat","background-position":"center center","background-size":"auto","background-attachment":"scroll","background-type":"","background-media":"","overlay-type":"","overlay-color":"","overlay-gradient":""}},"ast-content-background-meta":{"desktop":{"background-color":"var(--ast-global-color-5)","background-image":"","background-repeat":"repeat","background-position":"center center","background-size":"auto","background-attachment":"scroll","background-type":"","background-media":"","overlay-type":"","overlay-color":"","overlay-gradient":""},"tablet":{"background-color":"var(--ast-global-color-5)","background-image":"","background-repeat":"repeat","background-position":"center center","background-size":"auto","background-attachment":"scroll","background-type":"","background-media":"","overlay-type":"","overlay-color":"","overlay-gradient":""},"mobile":{"background-color":"var(--ast-global-color-5)","background-image":"","background-repeat":"repeat","background-position":"center center","background-size":"auto","background-attachment":"scroll","background-type":"","background-media":"","overlay-type":"","overlay-color":"","overlay-gradient":""}}},"product_cat":[61,26,58],"product_tag":[],"yoast_head":"<!-- This site is optimized with the Yoast SEO plugin v21.9.1 - https:\/\/yoast.com\/wordpress\/plugins\/seo\/ -->\n<title>Tela sem grade Sardinha - World Flowers Photos<\/title>\n<meta name=\"robots\" content=\"index, follow, max-snippet:-1, max-image-preview:large, max-video-preview:-1\" \/>\n<link rel=\"canonical\" href=\"https:\/\/worldflowersphotos.com\/?product=tela-sem-grade-sardinha\" \/>\n<meta property=\"og:locale\" content=\"pt_PT\" \/>\n<meta property=\"og:type\" content=\"article\" \/>\n<meta property=\"og:title\" content=\"Tela sem grade Sardinha - World Flowers Photos\" \/>\n<meta property=\"og:description\" content=\"COLEC\u00c7\u00c3O \u00cdCONES DE PORTUGAL  Tela sem grade SARDINHA  Colec\u00e7\u00e3o \u00cdcones de Portugal - Inspirada nos \u00cdcones de Portugal e reinventada com fotografias da Colec\u00e7\u00e3o Flores Soltas  DESCRI\u00c7\u00c3O DO PRODUTO  Dimens\u00f5es: 26x26cm Impress\u00e3o fotogr\u00e1fica em Tela - 65% Poli\u00e9ster \/ 35% algod\u00e3o 390gr Embalagem \u2013 Tubo de cart\u00e3o\" \/>\n<meta property=\"og:url\" content=\"https:\/\/worldflowersphotos.com\/?product=tela-sem-grade-sardinha\" \/>\n<meta property=\"og:site_name\" content=\"World Flowers Photos\" \/>\n<meta property=\"article:publisher\" content=\"https:\/\/www.facebook.com\/WorldFlowersPhotos\/\" \/>\n<meta property=\"article:modified_time\" content=\"2022-07-27T13:08:23+00:00\" \/>\n<meta property=\"og:image\" content=\"https:\/\/worldflowersphotos.com\/wp-content\/uploads\/2022\/07\/tela-sem-grade-sardinha.jpg\" \/>\n\t<meta property=\"og:image:width\" content=\"800\" \/>\n\t<meta property=\"og:image:height\" content=\"800\" \/>\n\t<meta property=\"og:image:type\" content=\"image\/jpeg\" \/>\n<meta name=\"twitter:card\" content=\"summary_large_image\" \/>\n<meta name=\"twitter:label1\" content=\"Tempo estimado de leitura\" \/>\n\t<meta name=\"twitter:data1\" content=\"1 minuto\" \/>\n<script type=\"application\/ld+json\" class=\"yoast-schema-graph\">{\"@context\":\"https:\/\/schema.org\",\"@graph\":[{\"@type\":\"WebPage\",\"@id\":\"https:\/\/worldflowersphotos.com\/?product=tela-sem-grade-sardinha\",\"url\":\"https:\/\/worldflowersphotos.com\/?product=tela-sem-grade-sardinha\",\"name\":\"Tela sem grade Sardinha - World Flowers Photos\",\"isPartOf\":{\"@id\":\"https:\/\/worldflowersphotos.com\/#website\"},\"datePublished\":\"2022-07-27T13:08:22+00:00\",\"dateModified\":\"2022-07-27T13:08:23+00:00\",\"breadcrumb\":{\"@id\":\"https:\/\/worldflowersphotos.com\/?product=tela-sem-grade-sardinha#breadcrumb\"},\"inLanguage\":\"pt-PT\",\"potentialAction\":[{\"@type\":\"ReadAction\",\"target\":[\"https:\/\/worldflowersphotos.com\/?product=tela-sem-grade-sardinha\"]}]},{\"@type\":\"BreadcrumbList\",\"@id\":\"https:\/\/worldflowersphotos.com\/?product=tela-sem-grade-sardinha#breadcrumb\",\"itemListElement\":[{\"@type\":\"ListItem\",\"position\":1,\"name\":\"In\u00edcio\",\"item\":\"https:\/\/worldflowersphotos.com\/\"},{\"@type\":\"ListItem\",\"position\":2,\"name\":\"Loja\",\"item\":\"https:\/\/worldflowersphotos.com\/?page_id=9\"},{\"@type\":\"ListItem\",\"position\":3,\"name\":\"Tela sem grade Sardinha\"}]},{\"@type\":\"WebSite\",\"@id\":\"https:\/\/worldflowersphotos.com\/#website\",\"url\":\"https:\/\/worldflowersphotos.com\/\",\"name\":\"World Flowers Photos\",\"description\":\"Just another WordPress site\",\"publisher\":{\"@id\":\"https:\/\/worldflowersphotos.com\/#organization\"},\"potentialAction\":[{\"@type\":\"SearchAction\",\"target\":{\"@type\":\"EntryPoint\",\"urlTemplate\":\"https:\/\/worldflowersphotos.com\/?s={search_term_string}\"},\"query-input\":\"required name=search_term_string\"}],\"inLanguage\":\"pt-PT\"},{\"@type\":\"Organization\",\"@id\":\"https:\/\/worldflowersphotos.com\/#organization\",\"name\":\"World Flowers Photos\",\"url\":\"https:\/\/worldflowersphotos.com\/\",\"logo\":{\"@type\":\"ImageObject\",\"inLanguage\":\"pt-PT\",\"@id\":\"https:\/\/worldflowersphotos.com\/#\/schema\/logo\/image\/\",\"url\":\"https:\/\/worldflowersphotos.com\/wp-content\/uploads\/2022\/07\/wfp-logo.jpg\",\"contentUrl\":\"https:\/\/worldflowersphotos.com\/wp-content\/uploads\/2022\/07\/wfp-logo.jpg\",\"width\":369,\"height\":86,\"caption\":\"World Flowers Photos\"},\"image\":{\"@id\":\"https:\/\/worldflowersphotos.com\/#\/schema\/logo\/image\/\"},\"sameAs\":[\"https:\/\/www.facebook.com\/WorldFlowersPhotos\/\"]}]}<\/script>\n<!-- \/ Yoast SEO plugin. -->","yoast_head_json":{"title":"Tela sem grade Sardinha - World Flowers Photos","robots":{"index":"index","follow":"follow","max-snippet":"max-snippet:-1","max-image-preview":"max-image-preview:large","max-video-preview":"max-video-preview:-1"},"canonical":"https:\/\/worldflowersphotos.com\/?product=tela-sem-grade-sardinha","og_locale":"pt_PT","og_type":"article","og_title":"Tela sem grade Sardinha - World Flowers Photos","og_description":"COLEC\u00c7\u00c3O \u00cdCONES DE PORTUGAL  Tela sem grade SARDINHA  Colec\u00e7\u00e3o \u00cdcones de Portugal - Inspirada nos \u00cdcones de Portugal e reinventada com fotografias da Colec\u00e7\u00e3o Flores Soltas  DESCRI\u00c7\u00c3O DO PRODUTO  Dimens\u00f5es: 26x26cm Impress\u00e3o fotogr\u00e1fica em Tela - 65% Poli\u00e9ster \/ 35% algod\u00e3o 390gr Embalagem \u2013 Tubo de cart\u00e3o","og_url":"https:\/\/worldflowersphotos.com\/?product=tela-sem-grade-sardinha","og_site_name":"World Flowers Photos","article_publisher":"https:\/\/www.facebook.com\/WorldFlowersPhotos\/","article_modified_time":"2022-07-27T13:08:23+00:00","og_image":[{"width":800,"height":800,"url":"https:\/\/worldflowersphotos.com\/wp-content\/uploads\/2022\/07\/tela-sem-grade-sardinha.jpg","type":"image\/jpeg"}],"twitter_card":"summary_large_image","twitter_misc":{"Tempo estimado de leitura":"1 minuto"},"schema":{"@context":"https:\/\/schema.org","@graph":[{"@type":"WebPage","@id":"https:\/\/worldflowersphotos.com\/?product=tela-sem-grade-sardinha","url":"https:\/\/worldflowersphotos.com\/?product=tela-sem-grade-sardinha","name":"Tela sem grade Sardinha - World Flowers Photos","isPartOf":{"@id":"https:\/\/worldflowersphotos.com\/#website"},"datePublished":"2022-07-27T13:08:22+00:00","dateModified":"2022-07-27T13:08:23+00:00","breadcrumb":{"@id":"https:\/\/worldflowersphotos.com\/?product=tela-sem-grade-sardinha#breadcrumb"},"inLanguage":"pt-PT","potentialAction":[{"@type":"ReadAction","target":["https:\/\/worldflowersphotos.com\/?product=tela-sem-grade-sardinha"]}]},{"@type":"BreadcrumbList","@id":"https:\/\/worldflowersphotos.com\/?product=tela-sem-grade-sardinha#breadcrumb","itemListElement":[{"@type":"ListItem","position":1,"name":"In\u00edcio","item":"https:\/\/worldflowersphotos.com\/"},{"@type":"ListItem","position":2,"name":"Loja","item":"https:\/\/worldflowersphotos.com\/?page_id=9"},{"@type":"ListItem","position":3,"name":"Tela sem grade Sardinha"}]},{"@type":"WebSite","@id":"https:\/\/worldflowersphotos.com\/#website","url":"https:\/\/worldflowersphotos.com\/","name":"World Flowers Photos","description":"Just another WordPress site","publisher":{"@id":"https:\/\/worldflowersphotos.com\/#organization"},"potentialAction":[{"@type":"SearchAction","target":{"@type":"EntryPoint","urlTemplate":"https:\/\/worldflowersphotos.com\/?s={search_term_string}"},"query-input":"required name=search_term_string"}],"inLanguage":"pt-PT"},{"@type":"Organization","@id":"https:\/\/worldflowersphotos.com\/#organization","name":"World Flowers Photos","url":"https:\/\/worldflowersphotos.com\/","logo":{"@type":"ImageObject","inLanguage":"pt-PT","@id":"https:\/\/worldflowersphotos.com\/#\/schema\/logo\/image\/","url":"https:\/\/worldflowersphotos.com\/wp-content\/uploads\/2022\/07\/wfp-logo.jpg","contentUrl":"https:\/\/worldflowersphotos.com\/wp-content\/uploads\/2022\/07\/wfp-logo.jpg","width":369,"height":86,"caption":"World Flowers Photos"},"image":{"@id":"https:\/\/worldflowersphotos.com\/#\/schema\/logo\/image\/"},"sameAs":["https:\/\/www.facebook.com\/WorldFlowersPhotos\/"]}]}},"jetpack_sharing_enabled":true,"_links":{"self":[{"href":"https:\/\/worldflowersphotos.com\/index.php?rest_route=\/wp\/v2\/product\/1088"}],"collection":[{"href":"https:\/\/worldflowersphotos.com\/index.php?rest_route=\/wp\/v2\/product"}],"about":[{"href":"https:\/\/worldflowersphotos.com\/index.php?rest_route=\/wp\/v2\/types\/product"}],"replies":[{"embeddable":true,"href":"https:\/\/worldflowersphotos.com\/index.php?rest_route=%2Fwp%2Fv2%2Fcomments&post=1088"}],"version-history":[{"count":1,"href":"https:\/\/worldflowersphotos.com\/index.php?rest_route=\/wp\/v2\/product\/1088\/revisions"}],"predecessor-version":[{"id":1101,"href":"https:\/\/worldflowersphotos.com\/index.php?rest_route=\/wp\/v2\/product\/1088\/revisions\/1101"}],"wp:featuredmedia":[{"embeddable":true,"href":"https:\/\/worldflowersphotos.com\/index.php?rest_route=\/wp\/v2\/media\/1089"}],"wp:attachment":[{"href":"https:\/\/worldflowersphotos.com\/index.php?rest_route=%2Fwp%2Fv2%2Fmedia&parent=1088"}],"wp:term":[{"taxonomy":"product_cat","embeddable":true,"href":"https:\/\/worldflowersphotos.com\/index.php?rest_route=%2Fwp%2Fv2%2Fproduct_cat&post=1088"},{"taxonomy":"product_tag","embeddable":true,"href":"https:\/\/worldflowersphotos.com\/index.php?rest_route=%2Fwp%2Fv2%2Fproduct_tag&post=1088"}],"curies":[{"name":"wp","href":"https:\/\/api.w.org\/{rel}","templated":true}]}}