{"id":3,"date":"2022-07-21T11:49:12","date_gmt":"2022-07-21T11:49:12","guid":{"rendered":"https:\/\/worldflowersphotos.com\/?page_id=3"},"modified":"2022-07-28T08:36:05","modified_gmt":"2022-07-28T08:36:05","slug":"privacy-policy","status":"publish","type":"page","link":"https:\/\/worldflowersphotos.com\/?page_id=3","title":{"rendered":"Pol\u00edtica de Privacidade"},"content":{"rendered":"\t\t<div data-elementor-type=\"wp-page\" data-elementor-id=\"3\" class=\"elementor elementor-3\" data-elementor-post-type=\"page\">\n\t\t\t\t\t\t\t\t\t<section class=\"elementor-section elementor-top-section elementor-element elementor-element-3fea1195 elementor-section-boxed elementor-section-height-default elementor-section-height-default\" data-id=\"3fea1195\" data-element_type=\"section\">\n\t\t\t\t\t\t<div class=\"elementor-container elementor-column-gap-default\">\n\t\t\t\t\t<div class=\"elementor-column elementor-col-100 elementor-top-column elementor-element elementor-element-7a398317\" data-id=\"7a398317\" data-element_type=\"column\">\n\t\t\t<div class=\"elementor-widget-wrap elementor-element-populated\">\n\t\t\t\t\t\t\t\t<div class=\"elementor-element elementor-element-5a5ac6e8 elementor-widget elementor-widget-text-editor\" data-id=\"5a5ac6e8\" data-element_type=\"widget\" data-widget_type=\"text-editor.default\">\n\t\t\t\t<div class=\"elementor-widget-container\">\n\t\t\t\t\t\t\t<!-- wp:paragraph -->\n<p>Prote\u00e7\u00e3o de dados pessoais e outros dados dos Utilizadores do portal<\/p>\n<!-- \/wp:paragraph -->\n\n<!-- wp:paragraph -->\n<p>A WordFlowersPhotos presta especial aten\u00e7\u00e3o ao respeito pela privacidade das pessoas que usam o nosso site e as aplica\u00e7\u00f5es dispon\u00edveis atrav\u00e9s do site (doravante: \u201cPortal\u201d, \u201cSite\u201d). Quaisquer dados pessoais obtidos atrav\u00e9s do nosso portal s\u00e3o tratados em conformidade com as normas nacionais aplic\u00e1veis emitidas com base no Regulamento (UE) 2016\/679 do Parlamento Europeu e do Concelho, de 27 de abril de 2016, relativo \u00e0 prote\u00e7\u00e3o das pessoas singulares no que respeita ao tratamento e \u00e0 livre circula\u00e7\u00e3o de dados pessoais, que revoga a Diretiva 95\/46\/CE (Regulamento Geral de Prote\u00e7\u00e3o de Dados) (Jornal Oficial da UE L 119, 04\/05\/2016, p. 1-88) (doravante: \u201cRGPD\u201d). A nossa prioridade \u00e9 garantir a prote\u00e7\u00e3o dos direitos e liberdades das pessoas que nos fornecem os seus dados pessoais. O uso do Portal no seu \u00e2mbito b\u00e1sico n\u00e3o requer o fornecimento de dados pessoais do Utilizador \u00e0 WordFlowersPhotos. O fornecimento dos dados pessoais pelo Utilizador \u00e9 completamente volunt\u00e1rio; no entanto, \u00e9 exigido o fornecimento de certos dados para a execu\u00e7\u00e3o dos servi\u00e7os pela WordFlowersPhotos.<\/p>\n<!-- \/wp:paragraph -->\n\n<!-- wp:paragraph -->\n<p>Entendemos a import\u00e2ncia de manter a confidencialidade em rela\u00e7\u00e3o aos dados pessoais. Ao fornecer-nos os seus dados, o Utilizador pode ter a certeza de que faremos o nosso melhor para os manter confidenciais. Tom\u00e1mos medidas mensur\u00e1veis para assegurar que os dados dos Utilizadores permane\u00e7am confidenciais, seguros e intactos.<\/p>\n<!-- \/wp:paragraph -->\n\n<!-- wp:paragraph -->\n<p>Quem \u00e9 o respons\u00e1vel pelo tratamento dos dados do Utilizador?<\/p>\n<!-- \/wp:paragraph -->\n\n<!-- wp:paragraph -->\n<p>Quando nos envia os seus dados pessoais, a WordFlowersPhotos torna-se respons\u00e1vel pelo tratamento, de acordo com o significado atribu\u00eddo pelo RGPD. O acesso aos dados dos Utilizadores apenas \u00e9 concedido aos funcion\u00e1rios ou parceiros que necessitem dessas informa\u00e7\u00f5es para fornecer o apoio relativo \u00e0 execu\u00e7\u00e3o das instru\u00e7\u00f5es dos Utilizadores relacionadas com os nossos produtos ou servi\u00e7os. Implement\u00e1mos procedimentos relativos \u00e0 seguran\u00e7a e ao uso de dados pessoais.<\/p>\n<!-- \/wp:paragraph -->\n\n<!-- wp:paragraph -->\n<p>Como \u00e9 que protegemos as informa\u00e7\u00f5es?<\/p>\n<!-- \/wp:paragraph -->\n\n<!-- wp:paragraph -->\n<p>O formul\u00e1rio preenchido pelo Utilizador durante a abertura da conta de investimento, bem como o processo de autoriza\u00e7\u00e3o (login) aos nossos recursos \u00e9 realizado atrav\u00e9s do protocolo de seguran\u00e7a SSL, o que aumenta significativamente a prote\u00e7\u00e3o da transmiss\u00e3o de dados na Internet. As informa\u00e7\u00f5es fornecidas pelo Utilizador s\u00e3o armazenadas e tratadas pela WordFlowersPhotos com as medidas de seguran\u00e7a adequadas ao cumprimento dos requisitos do RGPD. Embora a WordFlowersPhotos envide todos os esfor\u00e7os necess\u00e1rios para garantir a seguran\u00e7a dos dados que nos s\u00e3o fornecidos, o Utilizador reconhece que o uso da Internet n\u00e3o \u00e9 completamente seguro e, por isso, n\u00e3o podemos sempre garantir a seguran\u00e7a ou a inviolabilidade dos dados pessoais que nos s\u00e3o fornecidos pelo(s) Utilizador(es) ou ao(s) Utilizador(es) atrav\u00e9s da Internet.<\/p>\n<!-- \/wp:paragraph -->\n\n<!-- wp:paragraph -->\n<p>Direito de se opor ao uso dos dados<\/p>\n<!-- \/wp:paragraph -->\n\n<!-- wp:paragraph -->\n<p>De acordo com o artigo 21.\u00ba do RGPD, o Utilizador tem o direito de se opor, em qualquer momento, ao uso dos seus dados pessoais, caso a WordFlowersPhotos trate os seus dados com base no seu interesse leg\u00edtimo, por exemplo em rela\u00e7\u00e3o \u00e0 execu\u00e7\u00e3o do contrato, \u00e0 comercializa\u00e7\u00e3o de produtos e servi\u00e7os, \u00e0 manuten\u00e7\u00e3o de estat\u00edsticas sobre o uso de funcionalidades espec\u00edficas do Portal e \u00e0 facilita\u00e7\u00e3o do uso do Portal.<\/p>\n<!-- \/wp:paragraph -->\n\n<!-- wp:paragraph -->\n<p>Se a obje\u00e7\u00e3o do Utilizador for justificada e a WordFlowersPhotos n\u00e3o tiver outro fundamento legal para tratar os dados pessoais do Utilizador, a WordFlowersPhotos eliminar\u00e1 os dados pessoais do Utilizador em rela\u00e7\u00e3o aos quais lhe foi dirigida a oposi\u00e7\u00e3o.<\/p>\n<!-- \/wp:paragraph -->\n\n<!-- wp:paragraph -->\n<p>Direito de restri\u00e7\u00e3o do tratamento de dados<\/p>\n<!-- \/wp:paragraph -->\n\n<!-- wp:paragraph -->\n<p>De acordo com o artigo 18.\u00ba do RGPD, o Utilizador pode solicitar a restri\u00e7\u00e3o do tratamento dos seus dados pessoais quando o Utilizador contestar a exatid\u00e3o dos seus dados pessoais (nesse caso, a WordFlowersPhotos limita o seu uso durante o tempo necess\u00e1rio para verificar a exatid\u00e3o dos dados do Utilizador, no m\u00e1ximo 14 dias), quando o tratamento dos dados do Utilizador for ilegal, e o Utilizador, em vez da elimina\u00e7\u00e3o dos seus dados pessoais, solicitar a restri\u00e7\u00e3o do seu uso, caso os dados pessoais do Utilizador n\u00e3o sejam necess\u00e1rios par os fins para os quais foram recolhidos, mas sejam necess\u00e1rios para que o Utilizador possa estabelecer, exercer ou defender-se de reclama\u00e7\u00f5es e tamb\u00e9m quando o Utilizador se tenha oposto ao uso dos seus dados (nesse caso, a WordFlowersPhotos limita o tratamento dos dados durante o tempo necess\u00e1rio para considerar se a prote\u00e7\u00e3o dos interesses, direitos e liberdades do Utilizador deve prevalecer sobre os interesses que a WordFlowersPhotos prossegue ao tratar os dados pessoais do Utilizador).<\/p>\n<!-- \/wp:paragraph -->\n\n<!-- wp:paragraph -->\n<p>Direito de acesso, retifica\u00e7\u00e3o e elimina\u00e7\u00e3o das informa\u00e7\u00f5es sobre o Utilizador<\/p>\n<!-- \/wp:paragraph -->\n\n<!-- wp:paragraph -->\n<p>O artigo 15.\u00ba do RGPD estabelece que o Utilizador tem o direito de obter da parte da WordFlowersPhotos a confirma\u00e7\u00e3o sobre se os seus dados pessoais est\u00e3o a ser tratados. Se for esse o caso, o Utilizador tem direito a aceder aos seus dados pessoais e a obter informa\u00e7\u00f5es, entre outros, acerca dos fins do tratamento, as categorias dos dados pessoais tratados, o per\u00edodo previsto durante o qual os dados pessoais v\u00e3o ser guardados ou os crit\u00e9rios usados para determinar esse per\u00edodo, os direitos do Utilizador ao abrigo do RGPD e o direito de apresentar uma reclama\u00e7\u00e3o junto de uma autoridade supervisora. Al\u00e9m disso, o Utilizador tem direito a receber uma c\u00f3pia de todos os dados pessoais detidos pela WordFlowersPhotos a seu respeito e a informar a WordFlowersPhotos acerca de quaisquer imprecis\u00f5es registadas. No entanto, s\u00e3o previstas exce\u00e7\u00f5es a este respeito.<\/p>\n<!-- \/wp:paragraph -->\n\n<!-- wp:paragraph -->\n<p>O Utilizador pode, em qualquer momento, notificar a WordFlowersPhotos que os seus dados pessoais foram alterados ou que deseja que a WordFlowersPhotos retifique ou elimine os dados pessoais do Utilizador detidos pela WordFlowersPhotos . De acordo com as instru\u00e7\u00f5es, n\u00f3s alteraremos, retificaremos ou eliminaremos os dados da nossa base de dados, exceto na medida em que formos obrigados a armazen\u00e1-los nos termos das normas ou disposi\u00e7\u00f5es legais com o objetivo de fornecer ao Utilizador os servi\u00e7os que nos tenha solicitado ou de manter os registos comerciais respetivos.<\/p>\n<!-- \/wp:paragraph -->\t\t\t\t\t\t<\/div>\n\t\t\t\t<\/div>\n\t\t\t\t\t<\/div>\n\t\t<\/div>\n\t\t\t\t\t\t\t<\/div>\n\t\t<\/section>\n\t\t\t\t\t\t\t<\/div>\n\t\t","protected":false},"excerpt":{"rendered":"<p>Prote\u00e7\u00e3o de dados pessoais e outros dados dos Utilizadores do portal A WordFlowersPhotos presta especial aten\u00e7\u00e3o ao respeito pela privacidade das pessoas que usam o nosso site e as aplica\u00e7\u00f5es dispon\u00edveis atrav\u00e9s do site (doravante: \u201cPortal\u201d, \u201cSite\u201d). Quaisquer dados pessoais obtidos atrav\u00e9s do nosso portal s\u00e3o tratados em conformidade com as normas nacionais aplic\u00e1veis emitidas [&hellip;]<\/p>\n","protected":false},"author":1,"featured_media":0,"parent":0,"menu_order":0,"comment_status":"closed","ping_status":"closed","template":"","meta":{"site-sidebar-layout":"default","site-content-layout":"","ast-site-content-layout":"","site-content-style":"default","site-sidebar-style":"default","ast-global-header-display":"","ast-banner-title-visibility":"","ast-main-header-display":"","ast-hfb-above-header-display":"","ast-hfb-below-header-display":"","ast-hfb-mobile-header-display":"","site-post-title":"","ast-breadcrumbs-content":"","ast-featured-img":"","footer-sml-layout":"","theme-transparent-header-meta":"","adv-header-id-meta":"","stick-header-meta":"","header-above-stick-meta":"","header-main-stick-meta":"","header-below-stick-meta":"","astra-migrate-meta-layouts":"default","ast-page-background-enabled":"default","ast-page-background-meta":{"desktop":{"background-color":"var(--ast-global-color-4)","background-image":"","background-repeat":"repeat","background-position":"center center","background-size":"auto","background-attachment":"scroll","background-type":"","background-media":"","overlay-type":"","overlay-color":"","overlay-gradient":""},"tablet":{"background-color":"","background-image":"","background-repeat":"repeat","background-position":"center center","background-size":"auto","background-attachment":"scroll","background-type":"","background-media":"","overlay-type":"","overlay-color":"","overlay-gradient":""},"mobile":{"background-color":"","background-image":"","background-repeat":"repeat","background-position":"center center","background-size":"auto","background-attachment":"scroll","background-type":"","background-media":"","overlay-type":"","overlay-color":"","overlay-gradient":""}},"ast-content-background-meta":{"desktop":{"background-color":"var(--ast-global-color-5)","background-image":"","background-repeat":"repeat","background-position":"center center","background-size":"auto","background-attachment":"scroll","background-type":"","background-media":"","overlay-type":"","overlay-color":"","overlay-gradient":""},"tablet":{"background-color":"var(--ast-global-color-5)","background-image":"","background-repeat":"repeat","background-position":"center center","background-size":"auto","background-attachment":"scroll","background-type":"","background-media":"","overlay-type":"","overlay-color":"","overlay-gradient":""},"mobile":{"background-color":"var(--ast-global-color-5)","background-image":"","background-repeat":"repeat","background-position":"center center","background-size":"auto","background-attachment":"scroll","background-type":"","background-media":"","overlay-type":"","overlay-color":"","overlay-gradient":""}},"footnotes":""},"yoast_head":"<!-- This site is optimized with the Yoast SEO plugin v21.9.1 - https:\/\/yoast.com\/wordpress\/plugins\/seo\/ -->\n<title>Pol\u00edtica de Privacidade - World Flowers Photos<\/title>\n<meta name=\"robots\" content=\"noindex, follow\" \/>\n<meta property=\"og:locale\" content=\"pt_PT\" \/>\n<meta property=\"og:type\" content=\"article\" \/>\n<meta property=\"og:title\" content=\"Pol\u00edtica de Privacidade - World Flowers Photos\" \/>\n<meta property=\"og:description\" content=\"Prote\u00e7\u00e3o de dados pessoais e outros dados dos Utilizadores do portal A WordFlowersPhotos presta especial aten\u00e7\u00e3o ao respeito pela privacidade das pessoas que usam o nosso site e as aplica\u00e7\u00f5es dispon\u00edveis atrav\u00e9s do site (doravante: \u201cPortal\u201d, \u201cSite\u201d). Quaisquer dados pessoais obtidos atrav\u00e9s do nosso portal s\u00e3o tratados em conformidade com as normas nacionais aplic\u00e1veis emitidas [&hellip;]\" \/>\n<meta property=\"og:url\" content=\"https:\/\/worldflowersphotos.com\/?page_id=3\" \/>\n<meta property=\"og:site_name\" content=\"World Flowers Photos\" \/>\n<meta property=\"article:publisher\" content=\"https:\/\/www.facebook.com\/WorldFlowersPhotos\/\" \/>\n<meta property=\"article:modified_time\" content=\"2022-07-28T08:36:05+00:00\" \/>\n<meta name=\"twitter:card\" content=\"summary_large_image\" \/>\n<meta name=\"twitter:label1\" content=\"Tempo estimado de leitura\" \/>\n\t<meta name=\"twitter:data1\" content=\"6 minutos\" \/>\n<script type=\"application\/ld+json\" class=\"yoast-schema-graph\">{\"@context\":\"https:\/\/schema.org\",\"@graph\":[{\"@type\":\"WebPage\",\"@id\":\"https:\/\/worldflowersphotos.com\/?page_id=3\",\"url\":\"https:\/\/worldflowersphotos.com\/?page_id=3\",\"name\":\"Pol\u00edtica de Privacidade - World Flowers Photos\",\"isPartOf\":{\"@id\":\"https:\/\/worldflowersphotos.com\/#website\"},\"datePublished\":\"2022-07-21T11:49:12+00:00\",\"dateModified\":\"2022-07-28T08:36:05+00:00\",\"breadcrumb\":{\"@id\":\"https:\/\/worldflowersphotos.com\/?page_id=3#breadcrumb\"},\"inLanguage\":\"pt-PT\",\"potentialAction\":[{\"@type\":\"ReadAction\",\"target\":[\"https:\/\/worldflowersphotos.com\/?page_id=3\"]}]},{\"@type\":\"BreadcrumbList\",\"@id\":\"https:\/\/worldflowersphotos.com\/?page_id=3#breadcrumb\",\"itemListElement\":[{\"@type\":\"ListItem\",\"position\":1,\"name\":\"In\u00edcio\",\"item\":\"https:\/\/worldflowersphotos.com\/\"},{\"@type\":\"ListItem\",\"position\":2,\"name\":\"Pol\u00edtica de Privacidade\"}]},{\"@type\":\"WebSite\",\"@id\":\"https:\/\/worldflowersphotos.com\/#website\",\"url\":\"https:\/\/worldflowersphotos.com\/\",\"name\":\"World Flowers Photos\",\"description\":\"Just another WordPress site\",\"publisher\":{\"@id\":\"https:\/\/worldflowersphotos.com\/#organization\"},\"potentialAction\":[{\"@type\":\"SearchAction\",\"target\":{\"@type\":\"EntryPoint\",\"urlTemplate\":\"https:\/\/worldflowersphotos.com\/?s={search_term_string}\"},\"query-input\":\"required name=search_term_string\"}],\"inLanguage\":\"pt-PT\"},{\"@type\":\"Organization\",\"@id\":\"https:\/\/worldflowersphotos.com\/#organization\",\"name\":\"World Flowers Photos\",\"url\":\"https:\/\/worldflowersphotos.com\/\",\"logo\":{\"@type\":\"ImageObject\",\"inLanguage\":\"pt-PT\",\"@id\":\"https:\/\/worldflowersphotos.com\/#\/schema\/logo\/image\/\",\"url\":\"https:\/\/worldflowersphotos.com\/wp-content\/uploads\/2022\/07\/wfp-logo.jpg\",\"contentUrl\":\"https:\/\/worldflowersphotos.com\/wp-content\/uploads\/2022\/07\/wfp-logo.jpg\",\"width\":369,\"height\":86,\"caption\":\"World Flowers Photos\"},\"image\":{\"@id\":\"https:\/\/worldflowersphotos.com\/#\/schema\/logo\/image\/\"},\"sameAs\":[\"https:\/\/www.facebook.com\/WorldFlowersPhotos\/\"]}]}<\/script>\n<!-- \/ Yoast SEO plugin. -->","yoast_head_json":{"title":"Pol\u00edtica de Privacidade - World Flowers Photos","robots":{"index":"noindex","follow":"follow"},"og_locale":"pt_PT","og_type":"article","og_title":"Pol\u00edtica de Privacidade - World Flowers Photos","og_description":"Prote\u00e7\u00e3o de dados pessoais e outros dados dos Utilizadores do portal A WordFlowersPhotos presta especial aten\u00e7\u00e3o ao respeito pela privacidade das pessoas que usam o nosso site e as aplica\u00e7\u00f5es dispon\u00edveis atrav\u00e9s do site (doravante: \u201cPortal\u201d, \u201cSite\u201d). Quaisquer dados pessoais obtidos atrav\u00e9s do nosso portal s\u00e3o tratados em conformidade com as normas nacionais aplic\u00e1veis emitidas [&hellip;]","og_url":"https:\/\/worldflowersphotos.com\/?page_id=3","og_site_name":"World Flowers Photos","article_publisher":"https:\/\/www.facebook.com\/WorldFlowersPhotos\/","article_modified_time":"2022-07-28T08:36:05+00:00","twitter_card":"summary_large_image","twitter_misc":{"Tempo estimado de leitura":"6 minutos"},"schema":{"@context":"https:\/\/schema.org","@graph":[{"@type":"WebPage","@id":"https:\/\/worldflowersphotos.com\/?page_id=3","url":"https:\/\/worldflowersphotos.com\/?page_id=3","name":"Pol\u00edtica de Privacidade - World Flowers Photos","isPartOf":{"@id":"https:\/\/worldflowersphotos.com\/#website"},"datePublished":"2022-07-21T11:49:12+00:00","dateModified":"2022-07-28T08:36:05+00:00","breadcrumb":{"@id":"https:\/\/worldflowersphotos.com\/?page_id=3#breadcrumb"},"inLanguage":"pt-PT","potentialAction":[{"@type":"ReadAction","target":["https:\/\/worldflowersphotos.com\/?page_id=3"]}]},{"@type":"BreadcrumbList","@id":"https:\/\/worldflowersphotos.com\/?page_id=3#breadcrumb","itemListElement":[{"@type":"ListItem","position":1,"name":"In\u00edcio","item":"https:\/\/worldflowersphotos.com\/"},{"@type":"ListItem","position":2,"name":"Pol\u00edtica de Privacidade"}]},{"@type":"WebSite","@id":"https:\/\/worldflowersphotos.com\/#website","url":"https:\/\/worldflowersphotos.com\/","name":"World Flowers Photos","description":"Just another WordPress site","publisher":{"@id":"https:\/\/worldflowersphotos.com\/#organization"},"potentialAction":[{"@type":"SearchAction","target":{"@type":"EntryPoint","urlTemplate":"https:\/\/worldflowersphotos.com\/?s={search_term_string}"},"query-input":"required name=search_term_string"}],"inLanguage":"pt-PT"},{"@type":"Organization","@id":"https:\/\/worldflowersphotos.com\/#organization","name":"World Flowers Photos","url":"https:\/\/worldflowersphotos.com\/","logo":{"@type":"ImageObject","inLanguage":"pt-PT","@id":"https:\/\/worldflowersphotos.com\/#\/schema\/logo\/image\/","url":"https:\/\/worldflowersphotos.com\/wp-content\/uploads\/2022\/07\/wfp-logo.jpg","contentUrl":"https:\/\/worldflowersphotos.com\/wp-content\/uploads\/2022\/07\/wfp-logo.jpg","width":369,"height":86,"caption":"World Flowers Photos"},"image":{"@id":"https:\/\/worldflowersphotos.com\/#\/schema\/logo\/image\/"},"sameAs":["https:\/\/www.facebook.com\/WorldFlowersPhotos\/"]}]}},"jetpack_sharing_enabled":true,"_links":{"self":[{"href":"https:\/\/worldflowersphotos.com\/index.php?rest_route=\/wp\/v2\/pages\/3"}],"collection":[{"href":"https:\/\/worldflowersphotos.com\/index.php?rest_route=\/wp\/v2\/pages"}],"about":[{"href":"https:\/\/worldflowersphotos.com\/index.php?rest_route=\/wp\/v2\/types\/page"}],"author":[{"embeddable":true,"href":"https:\/\/worldflowersphotos.com\/index.php?rest_route=\/wp\/v2\/users\/1"}],"replies":[{"embeddable":true,"href":"https:\/\/worldflowersphotos.com\/index.php?rest_route=%2Fwp%2Fv2%2Fcomments&post=3"}],"version-history":[{"count":1,"href":"https:\/\/worldflowersphotos.com\/index.php?rest_route=\/wp\/v2\/pages\/3\/revisions"}],"predecessor-version":[{"id":1400,"href":"https:\/\/worldflowersphotos.com\/index.php?rest_route=\/wp\/v2\/pages\/3\/revisions\/1400"}],"wp:attachment":[{"href":"https:\/\/worldflowersphotos.com\/index.php?rest_route=%2Fwp%2Fv2%2Fmedia&parent=3"}],"curies":[{"name":"wp","href":"https:\/\/api.w.org\/{rel}","templated":true}]}}