{"id":1246,"date":"2022-07-27T16:34:19","date_gmt":"2022-07-27T16:34:19","guid":{"rendered":"https:\/\/worldflowersphotos.com\/?page_id=1246"},"modified":"2025-01-10T11:36:46","modified_gmt":"2025-01-10T11:36:46","slug":"termos-e-condicoes","status":"publish","type":"page","link":"https:\/\/worldflowersphotos.com\/?page_id=1246","title":{"rendered":"Termos e Condi\u00e7\u00f5es"},"content":{"rendered":"\t\t<div data-elementor-type=\"wp-page\" data-elementor-id=\"1246\" class=\"elementor elementor-1246\" data-elementor-post-type=\"page\">\n\t\t\t\t\t\t\t\t\t<section class=\"elementor-section elementor-top-section elementor-element elementor-element-21d67bb elementor-section-boxed elementor-section-height-default elementor-section-height-default\" data-id=\"21d67bb\" data-element_type=\"section\">\n\t\t\t\t\t\t<div class=\"elementor-container elementor-column-gap-default\">\n\t\t\t\t\t<div class=\"elementor-column elementor-col-100 elementor-top-column elementor-element elementor-element-9991c5d\" data-id=\"9991c5d\" data-element_type=\"column\">\n\t\t\t<div class=\"elementor-widget-wrap elementor-element-populated\">\n\t\t\t\t\t\t\t\t<div class=\"elementor-element elementor-element-a2f3623 elementor-widget elementor-widget-heading\" data-id=\"a2f3623\" data-element_type=\"widget\" data-widget_type=\"heading.default\">\n\t\t\t\t<div class=\"elementor-widget-container\">\n\t\t\t<h2 class=\"elementor-heading-title elementor-size-default\">Termos e Condi\u00e7\u00f5es<\/h2>\t\t<\/div>\n\t\t\t\t<\/div>\n\t\t\t\t\t<\/div>\n\t\t<\/div>\n\t\t\t\t\t\t\t<\/div>\n\t\t<\/section>\n\t\t\t\t<section class=\"elementor-section elementor-top-section elementor-element elementor-element-2e3540e elementor-section-boxed elementor-section-height-default elementor-section-height-default\" data-id=\"2e3540e\" data-element_type=\"section\">\n\t\t\t\t\t\t<div class=\"elementor-container elementor-column-gap-default\">\n\t\t\t\t\t<div class=\"elementor-column elementor-col-100 elementor-top-column elementor-element elementor-element-e1d1e26\" data-id=\"e1d1e26\" data-element_type=\"column\">\n\t\t\t<div class=\"elementor-widget-wrap elementor-element-populated\">\n\t\t\t\t\t\t\t\t<div class=\"elementor-element elementor-element-c4a7ec1 elementor-widget elementor-widget-text-editor\" data-id=\"c4a7ec1\" data-element_type=\"widget\" data-widget_type=\"text-editor.default\">\n\t\t\t\t<div class=\"elementor-widget-container\">\n\t\t\t\t\t\t\t<p>Termos e Condi\u00e7\u00f5es<br \/>ARTIGO 1 \u2013 OBJETO<br \/>Os artigos que se seguem t\u00eam por objetivo definir as condi\u00e7\u00f5es gerais de venda, estabelecidas entre a World Flowers Photos Portugal e o utilizador, desde o ato da encomenda aos diversos servi\u00e7os prestados pela World Flowers Photos Portugal, tais como os modos de pagamento e as condi\u00e7\u00f5es de entrega da mercadoria.<\/p><p>Estas condi\u00e7\u00f5es regulam todas as etapas necess\u00e1rias para realizar a encomenda e garantem o seguimento da transa\u00e7\u00e3o entre as partes contratantes.<\/p><p>ARTIGO 2 \u2013 ENCOMENDA<\/p><p>O utilizador poder\u00e1 efetuar a sua encomenda on-line, no s\u00edtio www.worldflowersphotos.com.<\/p><p>Para finalizar a sua encomenda o utilizador dever\u00e1 facultar os dados pessoais, tais como o seu nome, morada, etc. <br \/>Para isso, o utilizador dever\u00e1 preencher todos os campos obrigat\u00f3rios do tal\u00e3o de encomenda para este efeito.<\/p><p>Ao efetuar a sua encomenda, o utilizador manifesta a sua aceita\u00e7\u00e3o, plena e completa, das condi\u00e7\u00f5es gerais de venda, dos pre\u00e7os e da descri\u00e7\u00e3o dos produtos contemplados na transa\u00e7\u00e3o. Estas condi\u00e7\u00f5es gerais de venda ser\u00e3o as \u00fanicas aplic\u00e1veis entre as duas partes.<\/p><p>Qualquer lit\u00edgio sobre este \u00faltimo ponto ser\u00e1 resolvido atrav\u00e9s de uma troca de informa\u00e7\u00f5es e com as garantias abaixo mencionadas.<\/p><p>Na falta de disponibilidade do produto a World Flowers Photos Portugal compromete-se a informar o utilizador e a reembols\u00e1-lo dos montantes que eventualmente tenha pago no prazo m\u00e1ximo de 30 (trinta) dias a contar da data do conhecimento dessa indisponibilidade.<\/p><p>A World Flowers Photos reserva-se ao direito de n\u00e3o aceitar encomendas de montantes elevados que n\u00e3o sejam pagas antecipadamente.<\/p><p>No caso de atribui\u00e7\u00e3o de um presente numa oferta World Flowers Photos, caso o presente mencionado esgote ser\u00e1 substitu\u00eddo por outro de valor igual ou superior.<\/p><p>ARTIGO 3 \u2013 ENTREGA<\/p><p>A entrega das encomendas poder\u00e1 ser feita:<\/p><p>1. Em sua casa<\/p><p>Na morada que consta na nossa base de dados. A encomenda \u00e9 entregue em sua casa. Caso n\u00e3o esteja na morada que nos indicar, \u00e9 deixado um postal ou enviado um sms com o qual dever\u00e1 proceder ao levantamento.<\/p><p>2. Noutra morada<\/p><p>A World Flowers Photos entrega-lhe a sua encomenda onde quiser. Basta indicar a morada pretendida ou por telefone. Um servi\u00e7o \u00fatil e sem acr\u00e9scimo de despesas.<\/p><p>3. Entrega nas Ilhas &#8211; para as entregas efetuadas nos arquip\u00e9lagos da Madeira e dos A\u00e7ores.<\/p><p>4. Para entregas feitas no estrangeiro valem as regras da transportadora contratada.<\/p><p>Para o acompanhamento do estado da encomenda, o utilizador poder\u00e1 faz\u00ea-lo diretamente on-line em \u201cEstado da minha Encomenda\u201d ou telefonar para o Servi\u00e7o de Apoio ao Utilizador da World Flowers Photos para o seguinte n\u00famero: +351 <a href=\"tel:+351937525212\"><span class=\"elementor-icon-list-text\">9<\/span><\/a><span class=\"elementor-icon-list-text\">3<\/span><span class=\"elementor-icon-list-text\">7 525 212<\/span> de 2\u00aa a 6\u00aa das 9h00 \u00e0s 19h30 TMG. (Estes hor\u00e1rios est\u00e3o sujeitos a altera\u00e7\u00e3o).<\/p><p>ARTIGO 4 \u2013 PAGAMENTO<\/p><p>A World Flowers Photos Portugal prop\u00f5e ao utilizador os seguintes meios de pagamento:<\/p><p>1. Com PayPal:<\/p><p>Um dos meios de pagamento mais utilizados em compras online em todo o mundo. Numa primeira fase \u00e9 necess\u00e1rio ter uma conta PayPal. Para mais informa\u00e7\u00f5es ou para criar uma conta, consulte a p\u00e1gina: https:\/\/www.paypal.com\/pt<br \/>Se escolher este meio de pagamento, o valor da encomenda ser\u00e1 debitado no final do ato da encomenda.<\/p><p>2. Com cart\u00e3o de cr\u00e9dito (Visa e Mastercard);<\/p><p>Usamos os recursos de pagamento via cart\u00e3o de cr\u00e9dito do PayPal, sem necessidade de cria\u00e7\u00e3o de conta PayPal pelo cliente<\/p><p>3. Transfer\u00eancia banc\u00e1ria IBAN: PT50 007900007090403610104<\/p><p>Reembolso &#8211; o reembolso poder\u00e1 ser realizado para:<\/p><p>cart\u00e3o de cr\u00e9dito caso tenha sido esse o meio de pagamento,<\/p><p>A sua Conta payPal caso tenha sido esse o meio de pagamento<\/p><p>cheque banc\u00e1rio ou transfer\u00eancia banc\u00e1ria para as outra formas<\/p><p>Na rece\u00e7\u00e3o da encomenda.<br \/>Neste caso, ao valor das despesas de envio ser\u00e1 adicionado o valor correspondente \u00e0s despesas de cobran\u00e7a, de acordo com as taxas em vigor.<br \/>A World Flowers Photos reserva-se o direito de alterar os valores das despesas de envio, desde que sejam obrigatoriamente comunicadas ao cliente nas presentes condi\u00e7\u00f5es de venda.<\/p><p>ARTIGO 5 \u2013 PRE\u00c7OS<br \/>Os pre\u00e7os devem entender-se em euros, com taxas e impostos inclu\u00eddos. Os pre\u00e7os apresentados t\u00eam em conta o IVA aplic\u00e1vel \u00e0 data da fatura. Qualquer modifica\u00e7\u00e3o do tipo de IVA aplic\u00e1vel ser\u00e1 refletida nos pre\u00e7os dos produtos. Ap\u00f3s esta data os pre\u00e7os poder\u00e3o ser modificados a qualquer momento.<\/p><p>Os pre\u00e7os e especifica\u00e7\u00f5es est\u00e3o sujeitos a altera\u00e7\u00e3o sem aviso pr\u00e9vio. A World Flowers Photos Portugal declina qualquer responsabilidade por eventuais erros publicados no s\u00edtio. No tratamento da sua encomenda todo e qualquer erro de pre\u00e7os que eventualmente possa estar a ser apresentado no s\u00edtio devido a anomalias t\u00e9cnicas ser\u00e1 detetado. Nesta situa\u00e7\u00e3o o cliente \u00e9 contactado. Se o pre\u00e7o do produto apresentado no s\u00edtio for na realidade mais baixo, a diferen\u00e7a \u00e9 devolvida. Se o pre\u00e7o for superior o cliente ser\u00e1 contactado e poder\u00e1 aceitar ou cancelar a encomenda.<\/p><p>ARTIGO 6 \u2013 GARANTIAS<br \/>Todos os artigos podem ser trocados ou reembolsados. O utilizador beneficia de um prazo de 15(quinze) dias, a contar da data do recebimento para experimentar os seus artigos e se algum n\u00e3o lhe agradar pode trocar ou pedir o reembolso. Se houver falta de conformidade dos artigos, o cliente poder\u00e1 devolver os artigos no prazo m\u00e1ximo de 15 dias(quinze), podendo optar pela substitui\u00e7\u00e3o ou pela resolu\u00e7\u00e3o do contrato, nos termos legais aplic\u00e1veis. <br \/>Em caso de troca, se a nova encomenda for de custo superior, o utilizador ter\u00e1 de custear a diferen\u00e7a, juntando ao pedido de troca o pagamento do remanescente ou fazendo-o no ato de levantamento da nova encomenda.<\/p><p>No caso de um pedido de reembolso de um artigo comprado com pre\u00e7o reduzido, devido a uma oferta especial, a World Flowers Photos Portugal reembolsar\u00e1 o valor efetivamente pago pelo utilizador e n\u00e3o a sua totalidade.<\/p><p>A devolu\u00e7\u00e3o de artigos para troca ou reembolso poder\u00e1 ser efetuada de forma gratuita, atrav\u00e9s de via Postal, em embalagem devidamente fechada (podendo utilizar a embalagem original).<br \/>Todos os artigos beneficiam de uma garantia contratual, sem preju\u00edzo da garantia legal.<\/p><p>A garantia legal aplica-se tamb\u00e9m \u00e0s faltas de conformidade decorrentes da embalagem, das instru\u00e7\u00f5es de montagem ou da instala\u00e7\u00e3o (desde que efetuada no cumprimento das instru\u00e7\u00f5es de montagem)<\/p><p>ARTIGO 7 \u2013 RESPONSABILIDADE<br \/>Para todas as etapas de acesso ao s\u00edtio, do processo da encomenda, at\u00e9 \u00e0 entrega ou aos servi\u00e7os posteriores, a World Flowers Photos Portugal s\u00f3 possui uma obriga\u00e7\u00e3o de meios. A World Flowers Photos Portugal exclui toda a garantia e qualquer responsabilidade pelos inconvenientes ou preju\u00edzos inerentes \u00e0 utiliza\u00e7\u00e3o da rede de Internet, em particular, uma rutura de servi\u00e7o, uma intrus\u00e3o exterior ou a presen\u00e7a de v\u00edrus inform\u00e1ticos, ou de qualquer caso de for\u00e7a maior assim classificado pela jurisprud\u00eancia dos tribunais, at\u00e9 ao limite permitido pela lei aplic\u00e1vel.<\/p><p>Os artigos vendidos est\u00e3o descritos e apresentados no s\u00edtio com o m\u00e1ximo de exatid\u00e3o poss\u00edvel. Se, apesar de todas as nossas precau\u00e7\u00f5es, ocorrerem erros no s\u00edtio ou nos cat\u00e1logos da World Flowers Photos, a World Flowers Photos Portugal n\u00e3o ser\u00e1 responsabilizada por esse facto. Exceto em caso de garantia, qualquer opera\u00e7\u00e3o decorrida entre a World Flowers Photos Portugal e os seus utilizadores, n\u00e3o contestada num prazo de 6 meses, n\u00e3o poder\u00e1 dar lugar a qualquer reclama\u00e7\u00e3o.<\/p><p>ARTIGO 8 \u2013 TRATAMENTO DE DADOS PESSOAIS<br \/>No cumprimento da Lei n.\u00ba 67\/98, de 26 de Outubro relativa \u00e0 Prote\u00e7\u00e3o de Dados Pessoais, informamos que o tratamento dos dados pessoais recolhidos no s\u00edtio www.worldflowersphotos.com \u00e9 da responsabilidade da World Flowers Photos PORTUGAL.<\/p><p>Os dados pessoais s\u00e3o tratados informaticamente, destinando-se aos envios correspondentes \u00e0s suas encomendas, respetivo apoio administrativo, e fins estat\u00edsticos. Os dados pessoais recolhidos poder\u00e3o ser comunicados a entidades terceiras de reconhecida idoneidade para fins de marketing direto. Ao titular \u00e9 garantido o direito de acesso, retifica\u00e7\u00e3o, altera\u00e7\u00e3o ou elimina\u00e7\u00e3o dos seus dados pessoais, para tal basta contactar-nos indicando o seu nome, apelido, morada e n\u00ba de cliente:<\/p><p>&#8211; por E-mail: info@WorldFlowersPhotos.com<br \/>&#8211; por Correio \u00e0: World Flowers Photos \u2013 Rua Cidade de La Guardia N\u00ba 87 3\u00ba Esq. 4490 \u2013 401 P\u00f3voa de Varzim<br \/>&#8211; por telefone ligando: +351929320624<\/p><p>O utilizador autoriza a World Flowers Photos Portugal a tratar de forma automatizada os dados pessoais facultados, em particular pela utiliza\u00e7\u00e3o de cookies.<\/p><p>Pode aceder e modificar os seus dados a qualquer momento em \u201cA minha conta cliente\u201d.<\/p><p>A World Flowers Photos PORTUGAL proceder \u00e0 recolha e ao tratamento de dados de forma segura e que impede a sua perda ou manipula\u00e7\u00e3o, utilizando as t\u00e9cnicas mais aperfei\u00e7oadas para o efeito, informamos que a recolha em rede aberta permite a circula\u00e7\u00e3o dos dados pessoais sem condi\u00e7\u00f5es de seguran\u00e7a, correndo o risco de serem vistos e utilizados por terceiros n\u00e3o autorizados. O utilizador autoriza a World Flowers Photos a tratar de forma automatizada os dados pessoais facultados, em particular pela utiliza\u00e7\u00e3o de cookies.<\/p><p>ARTIGO 9 \u2013 NEWSLETTER World Flowers Photos<br \/>\u00c9 dada a designa\u00e7\u00e3o de Newsletter World Flowers Photos, aos e-mailings, ofertas promocionais, e \u00e0s newsletters institucionais, informa\u00e7\u00f5es acerca da empresa ou do utilizador, enviados diretamente para a caixa de correio eletr\u00f3nico do utilizador.<br \/>Pode aceder e modificar os seus dados a qualquer momento em \u201cA minha conta Utilizador\u201d e gerir a sua subscri\u00e7\u00e3o na newsletter em \u201cNewsletters\u201d.<\/p><p>A Newsletter World Flowers Photos \u00e9 um exclusivo do s\u00edtio Internet da marca World Flowers Photos.<\/p><p>ARTIGO 10\u2013 PROPRIEDADE INTELECTUAL<br \/>Todos os elementos do s\u00edtio World Flowers Photos, sejam eles visuais ou sonoros, incluindo a tecnologia subjacente, s\u00e3o protegidos pelos direitos de autor, das marcas ou das patentes. S\u00e3o propriedade exclusiva da World Flowers Photos Portugal.<\/p><p>O utilizador que disponha de um s\u00edtio pessoal na Internet e que deseje colocar, para uso pessoal, no seu s\u00edtio um simples link direto \u00e0 homepage do S\u00edtio da World Flowers Photos, deve obrigatoriamente pedir autoriza\u00e7\u00e3o \u00e0 World Flowers Photos Portugal. N\u00e3o se tratar\u00e1, neste caso, de uma conven\u00e7\u00e3o impl\u00edcita de afilia\u00e7\u00e3o ou de parceria.<\/p><p>Por outro lado, qualquer link hipertexto direcionado ao s\u00edtio da World Flowers Photos e utilizando a t\u00e9cnica de framing ou de in-line linking \u00e9 formalmente proibido.<\/p><p>Em todos os casos, qualquer link, mesmo tacitamente autorizado, dever\u00e1 ser retirado com um simples pedido da World Flowers Photos Portugal.<\/p><p>ARTIGO 11 &#8211; ACORDO TOTAL<br \/>As presentes condi\u00e7\u00f5es gerais de venda constituem o acordo total entre as partes em refer\u00eancia.<\/p><p>Caso uma das cl\u00e1usulas das presentes condi\u00e7\u00f5es se torne nula e sem valor, em virtude de uma altera\u00e7\u00e3o legislativa, normativa ou por senten\u00e7a, isso n\u00e3o dever\u00e1 afetar em caso algum, a sua validade e respeito.<\/p><p>ARTIGO 12\u2013 DURA\u00c7\u00c3O<br \/>As presentes condi\u00e7\u00f5es aplicam-se durante toda a dura\u00e7\u00e3o dos servi\u00e7os oferecidos pela World Flowers Photos Portugal.<\/p><p>ARTIGO 13\u2013 PROVA<br \/>Os registos informatizados, conservados nos sistemas inform\u00e1ticos da World Flowers Photos Portugal em condi\u00e7\u00f5es de seguran\u00e7a consideram-se como uma prova das comunica\u00e7\u00f5es, das encomendas e dos pagamentos produzidos entre as partes.<\/p><p>ARTIGO 14\u2013 CONSERVA\u00c7\u00c3O E ARQUIVO DAS TRANSA\u00c7\u00d5ES<br \/>O arquivo das encomendas e das faturas ser\u00e1 efetuado num suporte fi\u00e1vel e duradouro para corresponder a uma c\u00f3pia fiel e duradoura.<\/p><p>ARTIGO 15\u2013 LEI APLIC\u00c1VEL E COMPET\u00caNCIA<br \/>\u00c0s condi\u00e7\u00f5es de venda apresentadas \u00e9 aplic\u00e1vel a lei portuguesa.<br \/>Na falta de resolu\u00e7\u00e3o por acordo das partes, qualquer lit\u00edgio emergente das presentes Condi\u00e7\u00f5es Gerais de Venda ser\u00e1 submetido ao tribunal portugu\u00eas competente.<\/p>\t\t\t\t\t\t<\/div>\n\t\t\t\t<\/div>\n\t\t\t\t\t<\/div>\n\t\t<\/div>\n\t\t\t\t\t\t\t<\/div>\n\t\t<\/section>\n\t\t\t\t\t\t\t<\/div>\n\t\t","protected":false},"excerpt":{"rendered":"<p>Termos e Condi\u00e7\u00f5es Termos e Condi\u00e7\u00f5esARTIGO 1 \u2013 OBJETOOs artigos que se seguem t\u00eam por objetivo definir as condi\u00e7\u00f5es gerais de venda, estabelecidas entre a World Flowers Photos Portugal e o utilizador, desde o ato da encomenda aos diversos servi\u00e7os prestados pela World Flowers Photos Portugal, tais como os modos de pagamento e as condi\u00e7\u00f5es [&hellip;]<\/p>\n","protected":false},"author":1,"featured_media":0,"parent":0,"menu_order":0,"comment_status":"closed","ping_status":"closed","template":"","meta":{"site-sidebar-layout":"no-sidebar","site-content-layout":"page-builder","ast-site-content-layout":"","site-content-style":"default","site-sidebar-style":"default","ast-global-header-display":"","ast-banner-title-visibility":"","ast-main-header-display":"","ast-hfb-above-header-display":"","ast-hfb-below-header-display":"","ast-hfb-mobile-header-display":"","site-post-title":"disabled","ast-breadcrumbs-content":"","ast-featured-img":"disabled","footer-sml-layout":"","theme-transparent-header-meta":"","adv-header-id-meta":"","stick-header-meta":"","header-above-stick-meta":"","header-main-stick-meta":"","header-below-stick-meta":"","astra-migrate-meta-layouts":"default","ast-page-background-enabled":"default","ast-page-background-meta":{"desktop":{"background-color":"var(--ast-global-color-4)","background-image":"","background-repeat":"repeat","background-position":"center center","background-size":"auto","background-attachment":"scroll","background-type":"","background-media":"","overlay-type":"","overlay-color":"","overlay-gradient":""},"tablet":{"background-color":"","background-image":"","background-repeat":"repeat","background-position":"center center","background-size":"auto","background-attachment":"scroll","background-type":"","background-media":"","overlay-type":"","overlay-color":"","overlay-gradient":""},"mobile":{"background-color":"","background-image":"","background-repeat":"repeat","background-position":"center center","background-size":"auto","background-attachment":"scroll","background-type":"","background-media":"","overlay-type":"","overlay-color":"","overlay-gradient":""}},"ast-content-background-meta":{"desktop":{"background-color":"var(--ast-global-color-5)","background-image":"","background-repeat":"repeat","background-position":"center center","background-size":"auto","background-attachment":"scroll","background-type":"","background-media":"","overlay-type":"","overlay-color":"","overlay-gradient":""},"tablet":{"background-color":"var(--ast-global-color-5)","background-image":"","background-repeat":"repeat","background-position":"center center","background-size":"auto","background-attachment":"scroll","background-type":"","background-media":"","overlay-type":"","overlay-color":"","overlay-gradient":""},"mobile":{"background-color":"var(--ast-global-color-5)","background-image":"","background-repeat":"repeat","background-position":"center center","background-size":"auto","background-attachment":"scroll","background-type":"","background-media":"","overlay-type":"","overlay-color":"","overlay-gradient":""}},"footnotes":""},"yoast_head":"<!-- This site is optimized with the Yoast SEO plugin v21.9.1 - https:\/\/yoast.com\/wordpress\/plugins\/seo\/ -->\n<title>Termos e Condi\u00e7\u00f5es - World Flowers Photos<\/title>\n<meta name=\"robots\" content=\"noindex, follow\" \/>\n<meta property=\"og:locale\" content=\"pt_PT\" \/>\n<meta property=\"og:type\" content=\"article\" \/>\n<meta property=\"og:title\" content=\"Termos e Condi\u00e7\u00f5es - World Flowers Photos\" \/>\n<meta property=\"og:description\" content=\"Termos e Condi\u00e7\u00f5es Termos e Condi\u00e7\u00f5esARTIGO 1 \u2013 OBJETOOs artigos que se seguem t\u00eam por objetivo definir as condi\u00e7\u00f5es gerais de venda, estabelecidas entre a World Flowers Photos Portugal e o utilizador, desde o ato da encomenda aos diversos servi\u00e7os prestados pela World Flowers Photos Portugal, tais como os modos de pagamento e as condi\u00e7\u00f5es [&hellip;]\" \/>\n<meta property=\"og:url\" content=\"https:\/\/worldflowersphotos.com\/?page_id=1246\" \/>\n<meta property=\"og:site_name\" content=\"World Flowers Photos\" \/>\n<meta property=\"article:publisher\" content=\"https:\/\/www.facebook.com\/WorldFlowersPhotos\/\" \/>\n<meta property=\"article:modified_time\" content=\"2025-01-10T11:36:46+00:00\" \/>\n<meta name=\"twitter:card\" content=\"summary_large_image\" \/>\n<meta name=\"twitter:label1\" content=\"Tempo estimado de leitura\" \/>\n\t<meta name=\"twitter:data1\" content=\"11 minutos\" \/>\n<script type=\"application\/ld+json\" class=\"yoast-schema-graph\">{\"@context\":\"https:\/\/schema.org\",\"@graph\":[{\"@type\":\"WebPage\",\"@id\":\"https:\/\/worldflowersphotos.com\/?page_id=1246\",\"url\":\"https:\/\/worldflowersphotos.com\/?page_id=1246\",\"name\":\"Termos e Condi\u00e7\u00f5es - World Flowers Photos\",\"isPartOf\":{\"@id\":\"https:\/\/worldflowersphotos.com\/#website\"},\"datePublished\":\"2022-07-27T16:34:19+00:00\",\"dateModified\":\"2025-01-10T11:36:46+00:00\",\"breadcrumb\":{\"@id\":\"https:\/\/worldflowersphotos.com\/?page_id=1246#breadcrumb\"},\"inLanguage\":\"pt-PT\",\"potentialAction\":[{\"@type\":\"ReadAction\",\"target\":[\"https:\/\/worldflowersphotos.com\/?page_id=1246\"]}]},{\"@type\":\"BreadcrumbList\",\"@id\":\"https:\/\/worldflowersphotos.com\/?page_id=1246#breadcrumb\",\"itemListElement\":[{\"@type\":\"ListItem\",\"position\":1,\"name\":\"In\u00edcio\",\"item\":\"https:\/\/worldflowersphotos.com\/\"},{\"@type\":\"ListItem\",\"position\":2,\"name\":\"Termos e Condi\u00e7\u00f5es\"}]},{\"@type\":\"WebSite\",\"@id\":\"https:\/\/worldflowersphotos.com\/#website\",\"url\":\"https:\/\/worldflowersphotos.com\/\",\"name\":\"World Flowers Photos\",\"description\":\"Just another WordPress site\",\"publisher\":{\"@id\":\"https:\/\/worldflowersphotos.com\/#organization\"},\"potentialAction\":[{\"@type\":\"SearchAction\",\"target\":{\"@type\":\"EntryPoint\",\"urlTemplate\":\"https:\/\/worldflowersphotos.com\/?s={search_term_string}\"},\"query-input\":\"required name=search_term_string\"}],\"inLanguage\":\"pt-PT\"},{\"@type\":\"Organization\",\"@id\":\"https:\/\/worldflowersphotos.com\/#organization\",\"name\":\"World Flowers Photos\",\"url\":\"https:\/\/worldflowersphotos.com\/\",\"logo\":{\"@type\":\"ImageObject\",\"inLanguage\":\"pt-PT\",\"@id\":\"https:\/\/worldflowersphotos.com\/#\/schema\/logo\/image\/\",\"url\":\"https:\/\/worldflowersphotos.com\/wp-content\/uploads\/2022\/07\/wfp-logo.jpg\",\"contentUrl\":\"https:\/\/worldflowersphotos.com\/wp-content\/uploads\/2022\/07\/wfp-logo.jpg\",\"width\":369,\"height\":86,\"caption\":\"World Flowers Photos\"},\"image\":{\"@id\":\"https:\/\/worldflowersphotos.com\/#\/schema\/logo\/image\/\"},\"sameAs\":[\"https:\/\/www.facebook.com\/WorldFlowersPhotos\/\"]}]}<\/script>\n<!-- \/ Yoast SEO plugin. -->","yoast_head_json":{"title":"Termos e Condi\u00e7\u00f5es - World Flowers Photos","robots":{"index":"noindex","follow":"follow"},"og_locale":"pt_PT","og_type":"article","og_title":"Termos e Condi\u00e7\u00f5es - World Flowers Photos","og_description":"Termos e Condi\u00e7\u00f5es Termos e Condi\u00e7\u00f5esARTIGO 1 \u2013 OBJETOOs artigos que se seguem t\u00eam por objetivo definir as condi\u00e7\u00f5es gerais de venda, estabelecidas entre a World Flowers Photos Portugal e o utilizador, desde o ato da encomenda aos diversos servi\u00e7os prestados pela World Flowers Photos Portugal, tais como os modos de pagamento e as condi\u00e7\u00f5es [&hellip;]","og_url":"https:\/\/worldflowersphotos.com\/?page_id=1246","og_site_name":"World Flowers Photos","article_publisher":"https:\/\/www.facebook.com\/WorldFlowersPhotos\/","article_modified_time":"2025-01-10T11:36:46+00:00","twitter_card":"summary_large_image","twitter_misc":{"Tempo estimado de leitura":"11 minutos"},"schema":{"@context":"https:\/\/schema.org","@graph":[{"@type":"WebPage","@id":"https:\/\/worldflowersphotos.com\/?page_id=1246","url":"https:\/\/worldflowersphotos.com\/?page_id=1246","name":"Termos e Condi\u00e7\u00f5es - World Flowers Photos","isPartOf":{"@id":"https:\/\/worldflowersphotos.com\/#website"},"datePublished":"2022-07-27T16:34:19+00:00","dateModified":"2025-01-10T11:36:46+00:00","breadcrumb":{"@id":"https:\/\/worldflowersphotos.com\/?page_id=1246#breadcrumb"},"inLanguage":"pt-PT","potentialAction":[{"@type":"ReadAction","target":["https:\/\/worldflowersphotos.com\/?page_id=1246"]}]},{"@type":"BreadcrumbList","@id":"https:\/\/worldflowersphotos.com\/?page_id=1246#breadcrumb","itemListElement":[{"@type":"ListItem","position":1,"name":"In\u00edcio","item":"https:\/\/worldflowersphotos.com\/"},{"@type":"ListItem","position":2,"name":"Termos e Condi\u00e7\u00f5es"}]},{"@type":"WebSite","@id":"https:\/\/worldflowersphotos.com\/#website","url":"https:\/\/worldflowersphotos.com\/","name":"World Flowers Photos","description":"Just another WordPress site","publisher":{"@id":"https:\/\/worldflowersphotos.com\/#organization"},"potentialAction":[{"@type":"SearchAction","target":{"@type":"EntryPoint","urlTemplate":"https:\/\/worldflowersphotos.com\/?s={search_term_string}"},"query-input":"required name=search_term_string"}],"inLanguage":"pt-PT"},{"@type":"Organization","@id":"https:\/\/worldflowersphotos.com\/#organization","name":"World Flowers Photos","url":"https:\/\/worldflowersphotos.com\/","logo":{"@type":"ImageObject","inLanguage":"pt-PT","@id":"https:\/\/worldflowersphotos.com\/#\/schema\/logo\/image\/","url":"https:\/\/worldflowersphotos.com\/wp-content\/uploads\/2022\/07\/wfp-logo.jpg","contentUrl":"https:\/\/worldflowersphotos.com\/wp-content\/uploads\/2022\/07\/wfp-logo.jpg","width":369,"height":86,"caption":"World Flowers Photos"},"image":{"@id":"https:\/\/worldflowersphotos.com\/#\/schema\/logo\/image\/"},"sameAs":["https:\/\/www.facebook.com\/WorldFlowersPhotos\/"]}]}},"jetpack_sharing_enabled":true,"_links":{"self":[{"href":"https:\/\/worldflowersphotos.com\/index.php?rest_route=\/wp\/v2\/pages\/1246"}],"collection":[{"href":"https:\/\/worldflowersphotos.com\/index.php?rest_route=\/wp\/v2\/pages"}],"about":[{"href":"https:\/\/worldflowersphotos.com\/index.php?rest_route=\/wp\/v2\/types\/page"}],"author":[{"embeddable":true,"href":"https:\/\/worldflowersphotos.com\/index.php?rest_route=\/wp\/v2\/users\/1"}],"replies":[{"embeddable":true,"href":"https:\/\/worldflowersphotos.com\/index.php?rest_route=%2Fwp%2Fv2%2Fcomments&post=1246"}],"version-history":[{"count":4,"href":"https:\/\/worldflowersphotos.com\/index.php?rest_route=\/wp\/v2\/pages\/1246\/revisions"}],"predecessor-version":[{"id":1762,"href":"https:\/\/worldflowersphotos.com\/index.php?rest_route=\/wp\/v2\/pages\/1246\/revisions\/1762"}],"wp:attachment":[{"href":"https:\/\/worldflowersphotos.com\/index.php?rest_route=%2Fwp%2Fv2%2Fmedia&parent=1246"}],"curies":[{"name":"wp","href":"https:\/\/api.w.org\/{rel}","templated":true}]}}