{"id":12,"date":"2022-07-22T15:25:13","date_gmt":"2022-07-22T15:25:13","guid":{"rendered":"https:\/\/worldflowersphotos.com\/?page_id=12"},"modified":"2022-07-28T08:55:46","modified_gmt":"2022-07-28T08:55:46","slug":"minha-conta","status":"publish","type":"page","link":"https:\/\/worldflowersphotos.com\/?page_id=12","title":{"rendered":"A minha conta"},"content":{"rendered":"<div class=\"woocommerce\"><div class=\"woocommerce-notices-wrapper\"><\/div>\n\n<div class=\"u-columns col2-set\" id=\"customer_login\">\n\n\t<div class=\"u-column1 col-1\">\n\n\n\t\t<h2>Iniciar sess\u00e3o<\/h2>\n\n\t\t<form class=\"woocommerce-form woocommerce-form-login login\" method=\"post\">\n\n\t\t\t\n\t\t\t<p class=\"woocommerce-form-row woocommerce-form-row--wide form-row form-row-wide\">\n\t\t\t\t<label for=\"username\">Nome de utilizador ou email&nbsp;<span class=\"required\">*<\/span><\/label>\n\t\t\t\t<input type=\"text\" class=\"woocommerce-Input woocommerce-Input--text input-text\" name=\"username\" id=\"username\" autocomplete=\"username\" value=\"\" \/>\t\t\t<\/p>\n\t\t\t<p class=\"woocommerce-form-row woocommerce-form-row--wide form-row form-row-wide\">\n\t\t\t\t<label for=\"password\">Senha&nbsp;<span class=\"required\">*<\/span><\/label>\n\t\t\t\t<input class=\"woocommerce-Input woocommerce-Input--text input-text\" type=\"password\" name=\"password\" id=\"password\" autocomplete=\"current-password\" \/>\n\t\t\t<\/p>\n\n\t\t\t\n\t\t\t<p class=\"form-row\">\n\t\t\t\t<label class=\"woocommerce-form__label woocommerce-form__label-for-checkbox woocommerce-form-login__rememberme\">\n\t\t\t\t\t<input class=\"woocommerce-form__input woocommerce-form__input-checkbox\" name=\"rememberme\" type=\"checkbox\" id=\"rememberme\" value=\"forever\" \/> <span>Manter sess\u00e3o<\/span>\n\t\t\t\t<\/label>\n\t\t\t\t<input type=\"hidden\" id=\"woocommerce-login-nonce\" name=\"woocommerce-login-nonce\" value=\"11fee290d7\" \/><input type=\"hidden\" name=\"_wp_http_referer\" value=\"\/index.php?rest_route=%2Fwp%2Fv2%2Fpages%2F12\" \/>\t\t\t\t<button type=\"submit\" class=\"woocommerce-button button woocommerce-form-login__submit\" name=\"login\" value=\"Iniciar sess\u00e3o\">Iniciar sess\u00e3o<\/button>\n\t\t\t<\/p>\n\t\t\t<p class=\"woocommerce-LostPassword lost_password\">\n\t\t\t\t<a href=\"https:\/\/worldflowersphotos.com\/?page_id=12&#038;lost-password\">Perdeu a sua senha?<\/a>\n\t\t\t<\/p>\n\n\t\t\t\n\t\t<\/form>\n\n\n\t<\/div>\n\n\t<div class=\"u-column2 col-2\">\n\n\t\t<h2>Registar nova conta<\/h2>\n\n\t\t<form method=\"post\" class=\"woocommerce-form woocommerce-form-register register\"  >\n\n\t\t\t\n\t\t\t\n\t\t\t\t<p class=\"woocommerce-form-row woocommerce-form-row--wide form-row form-row-wide\">\n\t\t\t\t\t<label for=\"reg_username\">Nome de utilizador&nbsp;<span class=\"required\">*<\/span><\/label>\n\t\t\t\t\t<input type=\"text\" class=\"woocommerce-Input woocommerce-Input--text input-text\" name=\"username\" id=\"reg_username\" autocomplete=\"username\" value=\"\" \/>\t\t\t\t<\/p>\n\n\t\t\t\n\t\t\t<p class=\"woocommerce-form-row woocommerce-form-row--wide form-row form-row-wide\">\n\t\t\t\t<label for=\"reg_email\">Endere\u00e7o de email&nbsp;<span class=\"required\">*<\/span><\/label>\n\t\t\t\t<input type=\"email\" class=\"woocommerce-Input woocommerce-Input--text input-text\" name=\"email\" id=\"reg_email\" autocomplete=\"email\" value=\"\" \/>\t\t\t<\/p>\n\n\t\t\t\n\t\t\t\t<p class=\"woocommerce-form-row woocommerce-form-row--wide form-row form-row-wide\">\n\t\t\t\t\t<label for=\"reg_password\">Senha&nbsp;<span class=\"required\">*<\/span><\/label>\n\t\t\t\t\t<input type=\"password\" class=\"woocommerce-Input woocommerce-Input--text input-text\" name=\"password\" id=\"reg_password\" autocomplete=\"new-password\" \/>\n\t\t\t\t<\/p>\n\n\t\t\t\n\t\t\t<div class=\"woocommerce-privacy-policy-text\"><p>Os seus dados pessoais ser\u00e3o utilizados para melhorar a sua experi\u00eancia por toda a loja, para gerir o acesso \u00e0 sua conta e para os prop\u00f3sitos descritos na nossa <a href=\"https:\/\/worldflowersphotos.com\/?page_id=3\" class=\"woocommerce-privacy-policy-link\" target=\"_blank\">pol\u00edtica de privacidade<\/a>.<\/p>\n<\/div>\n\t\t\t<p class=\"woocommerce-form-row form-row\">\n\t\t\t\t<input type=\"hidden\" id=\"woocommerce-register-nonce\" name=\"woocommerce-register-nonce\" value=\"db5e3c25d0\" \/><input type=\"hidden\" name=\"_wp_http_referer\" value=\"\/index.php?rest_route=%2Fwp%2Fv2%2Fpages%2F12\" \/>\t\t\t\t<button type=\"submit\" class=\"woocommerce-Button woocommerce-button button woocommerce-form-register__submit\" name=\"register\" value=\"Registar nova conta\">Registar nova conta<\/button>\n\t\t\t<\/p>\n\n\t\t\t\n\t\t<\/form>\n\n\t<\/div>\n\n<\/div>\n\n<\/div>\n","protected":false},"excerpt":{"rendered":"","protected":false},"author":1,"featured_media":0,"parent":0,"menu_order":0,"comment_status":"closed","ping_status":"closed","template":"","meta":{"site-sidebar-layout":"default","site-content-layout":"","ast-site-content-layout":"","site-content-style":"default","site-sidebar-style":"default","ast-global-header-display":"","ast-banner-title-visibility":"","ast-main-header-display":"","ast-hfb-above-header-display":"","ast-hfb-below-header-display":"","ast-hfb-mobile-header-display":"","site-post-title":"","ast-breadcrumbs-content":"","ast-featured-img":"","footer-sml-layout":"","theme-transparent-header-meta":"","adv-header-id-meta":"","stick-header-meta":"","header-above-stick-meta":"","header-main-stick-meta":"","header-below-stick-meta":"","astra-migrate-meta-layouts":"default","ast-page-background-enabled":"default","ast-page-background-meta":{"desktop":{"background-color":"var(--ast-global-color-4)","background-image":"","background-repeat":"repeat","background-position":"center center","background-size":"auto","background-attachment":"scroll","background-type":"","background-media":"","overlay-type":"","overlay-color":"","overlay-gradient":""},"tablet":{"background-color":"","background-image":"","background-repeat":"repeat","background-position":"center center","background-size":"auto","background-attachment":"scroll","background-type":"","background-media":"","overlay-type":"","overlay-color":"","overlay-gradient":""},"mobile":{"background-color":"","background-image":"","background-repeat":"repeat","background-position":"center center","background-size":"auto","background-attachment":"scroll","background-type":"","background-media":"","overlay-type":"","overlay-color":"","overlay-gradient":""}},"ast-content-background-meta":{"desktop":{"background-color":"var(--ast-global-color-5)","background-image":"","background-repeat":"repeat","background-position":"center center","background-size":"auto","background-attachment":"scroll","background-type":"","background-media":"","overlay-type":"","overlay-color":"","overlay-gradient":""},"tablet":{"background-color":"var(--ast-global-color-5)","background-image":"","background-repeat":"repeat","background-position":"center center","background-size":"auto","background-attachment":"scroll","background-type":"","background-media":"","overlay-type":"","overlay-color":"","overlay-gradient":""},"mobile":{"background-color":"var(--ast-global-color-5)","background-image":"","background-repeat":"repeat","background-position":"center center","background-size":"auto","background-attachment":"scroll","background-type":"","background-media":"","overlay-type":"","overlay-color":"","overlay-gradient":""}},"footnotes":""},"yoast_head":"<!-- This site is optimized with the Yoast SEO plugin v21.9.1 - https:\/\/yoast.com\/wordpress\/plugins\/seo\/ -->\n<title>A minha conta - World Flowers Photos<\/title>\n<meta name=\"robots\" content=\"noindex, follow\" \/>\n<meta property=\"og:locale\" content=\"pt_PT\" \/>\n<meta property=\"og:type\" content=\"article\" \/>\n<meta property=\"og:title\" content=\"A minha conta - World Flowers Photos\" \/>\n<meta property=\"og:url\" content=\"https:\/\/worldflowersphotos.com\/?page_id=12\" \/>\n<meta property=\"og:site_name\" content=\"World Flowers Photos\" \/>\n<meta property=\"article:publisher\" content=\"https:\/\/www.facebook.com\/WorldFlowersPhotos\/\" \/>\n<meta property=\"article:modified_time\" content=\"2022-07-28T08:55:46+00:00\" \/>\n<meta name=\"twitter:card\" content=\"summary_large_image\" \/>\n<meta name=\"twitter:label1\" content=\"Tempo estimado de leitura\" \/>\n\t<meta name=\"twitter:data1\" content=\"1 minuto\" \/>\n<script type=\"application\/ld+json\" class=\"yoast-schema-graph\">{\"@context\":\"https:\/\/schema.org\",\"@graph\":[{\"@type\":\"WebPage\",\"@id\":\"https:\/\/worldflowersphotos.com\/?page_id=12\",\"url\":\"https:\/\/worldflowersphotos.com\/?page_id=12\",\"name\":\"A minha conta - World Flowers Photos\",\"isPartOf\":{\"@id\":\"https:\/\/worldflowersphotos.com\/#website\"},\"datePublished\":\"2022-07-22T15:25:13+00:00\",\"dateModified\":\"2022-07-28T08:55:46+00:00\",\"breadcrumb\":{\"@id\":\"https:\/\/worldflowersphotos.com\/?page_id=12#breadcrumb\"},\"inLanguage\":\"pt-PT\",\"potentialAction\":[{\"@type\":\"ReadAction\",\"target\":[\"https:\/\/worldflowersphotos.com\/?page_id=12\"]}]},{\"@type\":\"BreadcrumbList\",\"@id\":\"https:\/\/worldflowersphotos.com\/?page_id=12#breadcrumb\",\"itemListElement\":[{\"@type\":\"ListItem\",\"position\":1,\"name\":\"In\u00edcio\",\"item\":\"https:\/\/worldflowersphotos.com\/\"},{\"@type\":\"ListItem\",\"position\":2,\"name\":\"A minha conta\"}]},{\"@type\":\"WebSite\",\"@id\":\"https:\/\/worldflowersphotos.com\/#website\",\"url\":\"https:\/\/worldflowersphotos.com\/\",\"name\":\"World Flowers Photos\",\"description\":\"Just another WordPress site\",\"publisher\":{\"@id\":\"https:\/\/worldflowersphotos.com\/#organization\"},\"potentialAction\":[{\"@type\":\"SearchAction\",\"target\":{\"@type\":\"EntryPoint\",\"urlTemplate\":\"https:\/\/worldflowersphotos.com\/?s={search_term_string}\"},\"query-input\":\"required name=search_term_string\"}],\"inLanguage\":\"pt-PT\"},{\"@type\":\"Organization\",\"@id\":\"https:\/\/worldflowersphotos.com\/#organization\",\"name\":\"World Flowers Photos\",\"url\":\"https:\/\/worldflowersphotos.com\/\",\"logo\":{\"@type\":\"ImageObject\",\"inLanguage\":\"pt-PT\",\"@id\":\"https:\/\/worldflowersphotos.com\/#\/schema\/logo\/image\/\",\"url\":\"https:\/\/worldflowersphotos.com\/wp-content\/uploads\/2022\/07\/wfp-logo.jpg\",\"contentUrl\":\"https:\/\/worldflowersphotos.com\/wp-content\/uploads\/2022\/07\/wfp-logo.jpg\",\"width\":369,\"height\":86,\"caption\":\"World Flowers Photos\"},\"image\":{\"@id\":\"https:\/\/worldflowersphotos.com\/#\/schema\/logo\/image\/\"},\"sameAs\":[\"https:\/\/www.facebook.com\/WorldFlowersPhotos\/\"]}]}<\/script>\n<!-- \/ Yoast SEO plugin. -->","yoast_head_json":{"title":"A minha conta - World Flowers Photos","robots":{"index":"noindex","follow":"follow"},"og_locale":"pt_PT","og_type":"article","og_title":"A minha conta - World Flowers Photos","og_url":"https:\/\/worldflowersphotos.com\/?page_id=12","og_site_name":"World Flowers Photos","article_publisher":"https:\/\/www.facebook.com\/WorldFlowersPhotos\/","article_modified_time":"2022-07-28T08:55:46+00:00","twitter_card":"summary_large_image","twitter_misc":{"Tempo estimado de leitura":"1 minuto"},"schema":{"@context":"https:\/\/schema.org","@graph":[{"@type":"WebPage","@id":"https:\/\/worldflowersphotos.com\/?page_id=12","url":"https:\/\/worldflowersphotos.com\/?page_id=12","name":"A minha conta - World Flowers Photos","isPartOf":{"@id":"https:\/\/worldflowersphotos.com\/#website"},"datePublished":"2022-07-22T15:25:13+00:00","dateModified":"2022-07-28T08:55:46+00:00","breadcrumb":{"@id":"https:\/\/worldflowersphotos.com\/?page_id=12#breadcrumb"},"inLanguage":"pt-PT","potentialAction":[{"@type":"ReadAction","target":["https:\/\/worldflowersphotos.com\/?page_id=12"]}]},{"@type":"BreadcrumbList","@id":"https:\/\/worldflowersphotos.com\/?page_id=12#breadcrumb","itemListElement":[{"@type":"ListItem","position":1,"name":"In\u00edcio","item":"https:\/\/worldflowersphotos.com\/"},{"@type":"ListItem","position":2,"name":"A minha conta"}]},{"@type":"WebSite","@id":"https:\/\/worldflowersphotos.com\/#website","url":"https:\/\/worldflowersphotos.com\/","name":"World Flowers Photos","description":"Just another WordPress site","publisher":{"@id":"https:\/\/worldflowersphotos.com\/#organization"},"potentialAction":[{"@type":"SearchAction","target":{"@type":"EntryPoint","urlTemplate":"https:\/\/worldflowersphotos.com\/?s={search_term_string}"},"query-input":"required name=search_term_string"}],"inLanguage":"pt-PT"},{"@type":"Organization","@id":"https:\/\/worldflowersphotos.com\/#organization","name":"World Flowers Photos","url":"https:\/\/worldflowersphotos.com\/","logo":{"@type":"ImageObject","inLanguage":"pt-PT","@id":"https:\/\/worldflowersphotos.com\/#\/schema\/logo\/image\/","url":"https:\/\/worldflowersphotos.com\/wp-content\/uploads\/2022\/07\/wfp-logo.jpg","contentUrl":"https:\/\/worldflowersphotos.com\/wp-content\/uploads\/2022\/07\/wfp-logo.jpg","width":369,"height":86,"caption":"World Flowers Photos"},"image":{"@id":"https:\/\/worldflowersphotos.com\/#\/schema\/logo\/image\/"},"sameAs":["https:\/\/www.facebook.com\/WorldFlowersPhotos\/"]}]}},"jetpack_sharing_enabled":true,"_links":{"self":[{"href":"https:\/\/worldflowersphotos.com\/index.php?rest_route=\/wp\/v2\/pages\/12"}],"collection":[{"href":"https:\/\/worldflowersphotos.com\/index.php?rest_route=\/wp\/v2\/pages"}],"about":[{"href":"https:\/\/worldflowersphotos.com\/index.php?rest_route=\/wp\/v2\/types\/page"}],"author":[{"embeddable":true,"href":"https:\/\/worldflowersphotos.com\/index.php?rest_route=\/wp\/v2\/users\/1"}],"replies":[{"embeddable":true,"href":"https:\/\/worldflowersphotos.com\/index.php?rest_route=%2Fwp%2Fv2%2Fcomments&post=12"}],"version-history":[{"count":1,"href":"https:\/\/worldflowersphotos.com\/index.php?rest_route=\/wp\/v2\/pages\/12\/revisions"}],"predecessor-version":[{"id":1409,"href":"https:\/\/worldflowersphotos.com\/index.php?rest_route=\/wp\/v2\/pages\/12\/revisions\/1409"}],"wp:attachment":[{"href":"https:\/\/worldflowersphotos.com\/index.php?rest_route=%2Fwp%2Fv2%2Fmedia&parent=12"}],"curies":[{"name":"wp","href":"https:\/\/api.w.org\/{rel}","templated":true}]}}